{"id":371,"date":"2018-02-14T11:26:50","date_gmt":"2018-02-14T11:26:50","guid":{"rendered":"https:\/\/power-fishing.shop\/?post_type=product&#038;p=371"},"modified":"2026-01-12T10:56:31","modified_gmt":"2026-01-12T09:56:31","slug":"phase-iv-2","status":"publish","type":"product","link":"https:\/\/power-fishing.shop\/?product=phase-iv-2","title":{"rendered":"Phase IV"},"content":{"rendered":"<p>Erg\u00e4nzend zu der Stinker Range und einer meiner absoluten Favoriten im Moment der neuen Phase IV. Nachdem grad alte Kunden immer wieder gefragt haben ob man nicht was \u00e4hnliches wie den alten Phase II machen k\u00f6nnte, hier die L\u00f6sung. Wir haben das Beste aus dem Phase III und dem alten Phase II zusammengefasst.<\/p>\n<p>Die Neuerungen ganz kurz umrissen. Weniger Getreidemehle \u2013 zb gar kein Maismehl mehr, mehr Fischmehl, mehr Lebermehl, <span class=\"text_exposed_show\">Mini- und Micropellets, viel sch\u00e4rfer und ein hoher Anteil an getrockneten Insekten. <\/span><\/p>\n<div class=\"text_exposed_show\">\n<p>Erh\u00e4ltlich in Versionen.<\/p>\n<p><strong>Sinker:<\/strong> ein ganz normaler Boilie, mit einer groben Struktur, der sich gut ausw\u00e4scht und l\u00f6st.<\/p>\n<p><strong>Hoover<\/strong>: unsere neuen Hookbaits, mit leichtem Auftrieb, somit kann man am Haken einen nahezu schwerelosen Boilie anbieten, der sich viel nat\u00fcrlicher bewegt und dem Karpfen beim Einsaugen quasi ins Maul schie\u00dft. Er ist etwas h\u00e4rter als der normale Boilie), hier wurde der Betainanteil nochmal um gut 5 % erh\u00f6ht. Der Boilie schwemmt ebenfalls sehr gut aus, h\u00e4lt aber um einiges l\u00e4nger am Haar als der normale Standart Boilie (24 Stunden und mehr kein Problem).<\/p>\n<p><strong>Active:<\/strong> hier wird die beliebte active Range jetzt auch um den Phase IV erweitert. Der Wasserl\u00f6sliche Mantel enth\u00e4lt neben vielen fischigen Zutaten auch ebenfalls Micropellets, viele getrocknete Insekten und Chilie.<\/p>\n<p><strong>Popup:<\/strong> auch die Popup Range wird in den Gr\u00f6\u00dfen 17 mm und 21 mm um den Phase IV erweitert. Basierend auf dem Phase IV Grundmix, allerdings mit einer erh\u00f6hten Zugabe von Betain und einer extra Portion getrocknete Insekten.<\/p>\n<\/div>\n<p>&nbsp;<\/p>\n<p><strong>Zutaten:<\/strong> Fischmehl, Gew\u00fcrze, Salz, H\u00fchnereiwei\u00df, Frischei, Getreideerzeugnisse, Fisch\u00f6l, Aromen, Milchprodukte, tierisches Protein, Lebermehl Rind, Betain, micro Pellets, getrocknete Insekten.<\/p>\n<p><strong>Gr\u00f6\u00dfen:<\/strong>\u00a0 17 mm, 21 mm, 28 mm<\/p>\n<p><strong>Konservierung:<\/strong> gesalzen<\/p>\n<p><strong>Lieferzeit:<\/strong> ca. 1 Woche<\/p>\n<p><strong>\u00a0<\/strong><\/p>\n","protected":false},"excerpt":{"rendered":"<p>Erg\u00e4nzend zu der Stinker Range und einer meiner absoluten Favoriten im Moment der neuen Phase IV. Nachdem grad alte Kunden immer wieder gefragt haben ob man nicht was \u00e4hnliches wie den alten Phase II machen k\u00f6nnte, hier die L\u00f6sung. Wir haben das Beste aus dem Phase III und dem alten Phase II zusammengefasst. Die Neuerungen [&hellip;]<\/p>\n","protected":false},"featured_media":513114,"comment_status":"open","ping_status":"closed","template":"","meta":[],"product_brand":[],"product_cat":[31,342],"product_tag":[33,63,34,116,35,36,37,39],"class_list":{"0":"post-371","1":"product","2":"type-product","3":"status-publish","4":"has-post-thumbnail","6":"product_cat-boilies","7":"product_cat-phase-iv","8":"product_tag-boilies","9":"product_tag-phase-iii","10":"product_tag-phase-2","11":"product_tag-hoover","12":"product_tag-phase-3","13":"product_tag-phase-4","14":"product_tag-phase-ii","15":"product_tag-phase-iv","16":"pa_groesse-17-mm","17":"pa_groesse-21-mm","18":"pa_groesse-17-mm-dumble","19":"pa_groesse-28-mm","20":"pa_menge-25-kg","21":"pa_menge-10-kg","22":"pa_menge-10-kg-2","24":"first","25":"instock","26":"taxable","27":"shipping-taxable","28":"purchasable","29":"product-type-variable"},"_links":{"self":[{"href":"https:\/\/power-fishing.shop\/index.php?rest_route=\/wp\/v2\/product\/371","targetHints":{"allow":["GET"]}}],"collection":[{"href":"https:\/\/power-fishing.shop\/index.php?rest_route=\/wp\/v2\/product"}],"about":[{"href":"https:\/\/power-fishing.shop\/index.php?rest_route=\/wp\/v2\/types\/product"}],"replies":[{"embeddable":true,"href":"https:\/\/power-fishing.shop\/index.php?rest_route=%2Fwp%2Fv2%2Fcomments&post=371"}],"version-history":[{"count":4,"href":"https:\/\/power-fishing.shop\/index.php?rest_route=\/wp\/v2\/product\/371\/revisions"}],"predecessor-version":[{"id":512499,"href":"https:\/\/power-fishing.shop\/index.php?rest_route=\/wp\/v2\/product\/371\/revisions\/512499"}],"wp:featuredmedia":[{"embeddable":true,"href":"https:\/\/power-fishing.shop\/index.php?rest_route=\/wp\/v2\/media\/513114"}],"wp:attachment":[{"href":"https:\/\/power-fishing.shop\/index.php?rest_route=%2Fwp%2Fv2%2Fmedia&parent=371"}],"wp:term":[{"taxonomy":"product_brand","embeddable":true,"href":"https:\/\/power-fishing.shop\/index.php?rest_route=%2Fwp%2Fv2%2Fproduct_brand&post=371"},{"taxonomy":"product_cat","embeddable":true,"href":"https:\/\/power-fishing.shop\/index.php?rest_route=%2Fwp%2Fv2%2Fproduct_cat&post=371"},{"taxonomy":"product_tag","embeddable":true,"href":"https:\/\/power-fishing.shop\/index.php?rest_route=%2Fwp%2Fv2%2Fproduct_tag&post=371"}],"curies":[{"name":"wp","href":"https:\/\/api.w.org\/{rel}","templated":true}]}}