{"id":302,"date":"2018-02-13T12:16:57","date_gmt":"2018-02-13T12:16:57","guid":{"rendered":"https:\/\/power-fishing.shop\/?post_type=product&#038;p=302"},"modified":"2024-05-08T12:27:55","modified_gmt":"2024-05-08T10:27:55","slug":"deadcat","status":"publish","type":"product","link":"https:\/\/power-fishing.shop\/?product=deadcat","title":{"rendered":"Deadcat &#8211; 500 gr"},"content":{"rendered":"<p>Der Wallerboilie \u201eDead Cat\u201c ist konserviert und zu 500 gr in einer praktischen Kunststoffbox verpackt. Aber bei dem Geruch ist das auch wirklich n\u00f6tig.<\/p>\n<p>Die Wallerboilies werden als 30-40 mm gro\u00dfe Kissen, oder auch 28 mm \u201eBig Dumbells\u201c produziert. So weisen sie eine offenere Oberfl\u00e4che auf und beginnen im Wasser sehr schnell auszuwaschen. Sie halten jedoch im Vergleich zu Pellets lang, richtig lang .. in stehenden Gew\u00e4ssern gern auch mal \u00fcber 48 Stunden, auch 12 Stunden am Flie\u00dfgew\u00e4sser sind kein Problem.<\/p>\n<p>In dem ganzen Boilie sind nur ca. 8 % !!! Zutaten wie Gries, oder Maismehl verarbeitet, der Rest besteht aus Fischmehlen, viel Fisch\u00f6l, Fisch- und Fleischproteinen, Lebermehl, Leberextrakt, Blutmehl, fermentiertes Eiwei\u00df, Betain, Frischei und Eiwei\u00df, einer Menge getrockneter Insekten die der Waller aus seinem nat\u00fcrlichen Umfeld kennt und langsam l\u00f6slichen Minipellets.<\/p>\n<p>UND er schmeckt nicht nur den Wallern &#8230;<\/p>\n<p><strong>Verpackungsgr\u00f6\u00dfe:<\/strong> 500 gr Box<\/p>\n","protected":false},"excerpt":{"rendered":"<p>Der Wallerboilie \u201eDead Cat\u201c ist konserviert und zu 500 gr in einer praktischen Kunststoffbox verpackt. Aber bei dem Geruch ist das auch wirklich n\u00f6tig. Die Wallerboilies werden als 30-40 mm gro\u00dfe Kissen, oder auch 28 mm \u201eBig Dumbells\u201c produziert. So weisen sie eine offenere Oberfl\u00e4che auf und beginnen im Wasser sehr schnell auszuwaschen. Sie halten [&hellip;]<\/p>\n","protected":false},"featured_media":512544,"comment_status":"open","ping_status":"closed","template":"","meta":[],"product_brand":[],"product_cat":[32,157,31],"product_tag":[76,79,95,96],"class_list":{"0":"post-302","1":"product","2":"type-product","3":"status-publish","4":"has-post-thumbnail","6":"product_cat-boilies-hookbaits","7":"product_cat-wallerkoeder","8":"product_cat-boilies","9":"product_tag-leber","10":"product_tag-wallerkoeder","11":"product_tag-blut","12":"product_tag-catfish","13":"pa_groesse-30-40-mm-kissen","14":"pa_groesse-28-mm-big-dumbell","16":"first","17":"instock","18":"taxable","19":"shipping-taxable","20":"purchasable","21":"product-type-variable","22":"has-default-attributes"},"_links":{"self":[{"href":"https:\/\/power-fishing.shop\/index.php?rest_route=\/wp\/v2\/product\/302","targetHints":{"allow":["GET"]}}],"collection":[{"href":"https:\/\/power-fishing.shop\/index.php?rest_route=\/wp\/v2\/product"}],"about":[{"href":"https:\/\/power-fishing.shop\/index.php?rest_route=\/wp\/v2\/types\/product"}],"replies":[{"embeddable":true,"href":"https:\/\/power-fishing.shop\/index.php?rest_route=%2Fwp%2Fv2%2Fcomments&post=302"}],"version-history":[{"count":3,"href":"https:\/\/power-fishing.shop\/index.php?rest_route=\/wp\/v2\/product\/302\/revisions"}],"predecessor-version":[{"id":512549,"href":"https:\/\/power-fishing.shop\/index.php?rest_route=\/wp\/v2\/product\/302\/revisions\/512549"}],"wp:featuredmedia":[{"embeddable":true,"href":"https:\/\/power-fishing.shop\/index.php?rest_route=\/wp\/v2\/media\/512544"}],"wp:attachment":[{"href":"https:\/\/power-fishing.shop\/index.php?rest_route=%2Fwp%2Fv2%2Fmedia&parent=302"}],"wp:term":[{"taxonomy":"product_brand","embeddable":true,"href":"https:\/\/power-fishing.shop\/index.php?rest_route=%2Fwp%2Fv2%2Fproduct_brand&post=302"},{"taxonomy":"product_cat","embeddable":true,"href":"https:\/\/power-fishing.shop\/index.php?rest_route=%2Fwp%2Fv2%2Fproduct_cat&post=302"},{"taxonomy":"product_tag","embeddable":true,"href":"https:\/\/power-fishing.shop\/index.php?rest_route=%2Fwp%2Fv2%2Fproduct_tag&post=302"}],"curies":[{"name":"wp","href":"https:\/\/api.w.org\/{rel}","templated":true}]}}