{"id":2368,"date":"2019-06-11T07:38:51","date_gmt":"2019-06-11T07:38:51","guid":{"rendered":"https:\/\/power-fishing.shop\/?post_type=product&#038;p=2368"},"modified":"2019-10-24T10:53:44","modified_gmt":"2019-10-24T08:53:44","slug":"chilie-schrot-500-gr","status":"publish","type":"product","link":"https:\/\/power-fishing.shop\/?product=chilie-schrot-500-gr","title":{"rendered":"Chilie Schrot 500 gr"},"content":{"rendered":"<p>&#8222;mit ohne scharf&#8220;?<\/p>\n<p>Chilie Schrot eignet sich perfekt zum aufpeppen eurer K\u00f6der. Egal ob im Groundbait oder Sickmix, im Boiliemix, &#8230; damit k\u00f6nnt ihr eurem K\u00f6der eine sch\u00f6ne leichte Sch\u00e4rfe verleihen.<\/p>\n<p>Unser Chilieschrot stammt aus der Lebensmittelindustrie und kommt auch in einigen unserer Boilies zum Einsatz.<\/p>\n<p>Geliefert wird er in einer praktischen, wiederverschlie\u00dfbaren Dose.<\/p>\n<p><strong>Liefermenge: 500 gr<\/strong><\/p>\n","protected":false},"excerpt":{"rendered":"<p>&#8222;mit ohne scharf&#8220;? Chilie Schrot eignet sich perfekt zum aufpeppen eurer K\u00f6der. Egal ob im Groundbait oder Sickmix, im Boiliemix, &#8230; damit k\u00f6nnt ihr eurem K\u00f6der eine sch\u00f6ne leichte Sch\u00e4rfe verleihen. Unser Chilieschrot stammt aus der Lebensmittelindustrie und kommt auch in einigen unserer Boilies zum Einsatz. Geliefert wird er in einer praktischen, wiederverschlie\u00dfbaren Dose. Liefermenge: [&hellip;]<\/p>\n","protected":false},"featured_media":2396,"comment_status":"open","ping_status":"closed","template":"","meta":[],"product_brand":[],"product_cat":[99,30],"product_tag":[],"class_list":{"0":"post-2368","1":"product","2":"type-product","3":"status-publish","4":"has-post-thumbnail","6":"product_cat-boiliezutaten-spezial","7":"product_cat-groundbait-stickmix","9":"first","10":"instock","11":"taxable","12":"shipping-taxable","13":"purchasable","14":"product-type-simple"},"_links":{"self":[{"href":"https:\/\/power-fishing.shop\/index.php?rest_route=\/wp\/v2\/product\/2368","targetHints":{"allow":["GET"]}}],"collection":[{"href":"https:\/\/power-fishing.shop\/index.php?rest_route=\/wp\/v2\/product"}],"about":[{"href":"https:\/\/power-fishing.shop\/index.php?rest_route=\/wp\/v2\/types\/product"}],"replies":[{"embeddable":true,"href":"https:\/\/power-fishing.shop\/index.php?rest_route=%2Fwp%2Fv2%2Fcomments&post=2368"}],"version-history":[{"count":0,"href":"https:\/\/power-fishing.shop\/index.php?rest_route=\/wp\/v2\/product\/2368\/revisions"}],"wp:featuredmedia":[{"embeddable":true,"href":"https:\/\/power-fishing.shop\/index.php?rest_route=\/wp\/v2\/media\/2396"}],"wp:attachment":[{"href":"https:\/\/power-fishing.shop\/index.php?rest_route=%2Fwp%2Fv2%2Fmedia&parent=2368"}],"wp:term":[{"taxonomy":"product_brand","embeddable":true,"href":"https:\/\/power-fishing.shop\/index.php?rest_route=%2Fwp%2Fv2%2Fproduct_brand&post=2368"},{"taxonomy":"product_cat","embeddable":true,"href":"https:\/\/power-fishing.shop\/index.php?rest_route=%2Fwp%2Fv2%2Fproduct_cat&post=2368"},{"taxonomy":"product_tag","embeddable":true,"href":"https:\/\/power-fishing.shop\/index.php?rest_route=%2Fwp%2Fv2%2Fproduct_tag&post=2368"}],"curies":[{"name":"wp","href":"https:\/\/api.w.org\/{rel}","templated":true}]}}