{"id":230,"date":"2018-02-11T18:21:04","date_gmt":"2018-02-11T18:21:04","guid":{"rendered":"http:\/\/power-fishing.shop\/?post_type=product&#038;p=230"},"modified":"2024-09-30T14:56:45","modified_gmt":"2024-09-30T12:56:45","slug":"dead-cat","status":"publish","type":"product","link":"https:\/\/power-fishing.shop\/?product=dead-cat","title":{"rendered":"blood&#038;liver Popup &#8211; 100 gr"},"content":{"rendered":"<p>Unsere Popup &#8222;poppen&#8220; nicht nur, sie arbeiten auch noch hart f\u00fcr euren Erfolg.<\/p>\n<p>W\u00e4hrend ein Gro\u00dfteil der Popup am Markt einen hohen Anteil an Kunststoff, Schaumglas oder \u00e4hnliches haben, bestehen unsere Popup aus dem&nbsp; normalen Teig eines Boilies, angereichert mit extra Attraktoren, wie hier z.B. mit einer extra Portion an Betain, wasserl\u00f6slichem Leberextrakt und Blutmehl. F\u00fcr den Auftrieb verwenden wir seit Jahren Kork. So bringen wir nichts ins Wasser ein was dort nicht auch hingeh\u00f6rt, Natur pur am Haar und selbst wenn ein Popup mal verloren geht kann ihn ein Wasservogel Problemlos fressen ohne Probleme zu bekommen. Die Popup bleiben auch nach vielen Stunden und auch Tagen noch fest und behalten ihre Auftriebskraft. Nur arbeiten sie eben noch, die Wasserl\u00f6slichen Bestandteile waschen sich langsam und gleichm\u00e4\u00dfig aus.<\/p>\n<p>&nbsp;<\/p>\n<p><strong>Zutaten:<\/strong> Fischmehl, H\u00fchnereiwei\u00df, Frischei, Fisch\u00f6l, Blutmehl, Lebermehl Rind, Leberextrakt Rind, Gew\u00fcrze, Betain, Kork<\/p>\n<p><strong>Verpackungsgr\u00f6\u00dfen:<\/strong> 100 gr Dose<\/p>\n","protected":false},"excerpt":{"rendered":"<p>Unsere Popup &#8222;poppen&#8220; nicht nur, sie arbeiten auch noch hart f\u00fcr euren Erfolg. W\u00e4hrend ein Gro\u00dfteil der Popup am Markt einen hohen Anteil an Kunststoff, Schaumglas oder \u00e4hnliches haben, bestehen unsere Popup aus dem&nbsp; normalen Teig eines Boilies, angereichert mit extra Attraktoren, wie hier z.B. mit einer extra Portion an Betain, wasserl\u00f6slichem Leberextrakt und Blutmehl. [&hellip;]<\/p>\n","protected":false},"featured_media":301,"comment_status":"open","ping_status":"closed","template":"","meta":[],"product_brand":[],"product_cat":[157,344,32],"product_tag":[48,76,93,94,95],"class_list":{"0":"post-230","1":"product","2":"type-product","3":"status-publish","4":"has-post-thumbnail","6":"product_cat-wallerkoeder","7":"product_cat-bloodliver-2-0","8":"product_cat-boilies-hookbaits","9":"product_tag-bloodliver","10":"product_tag-leber","11":"product_tag-popup","12":"product_tag-popups","13":"product_tag-blut","14":"pa_groesse-21-mm","15":"pa_groesse-24-mm","16":"pa_groesse-17-mm","18":"first","19":"instock","20":"taxable","21":"shipping-taxable","22":"purchasable","23":"product-type-variable"},"_links":{"self":[{"href":"https:\/\/power-fishing.shop\/index.php?rest_route=\/wp\/v2\/product\/230","targetHints":{"allow":["GET"]}}],"collection":[{"href":"https:\/\/power-fishing.shop\/index.php?rest_route=\/wp\/v2\/product"}],"about":[{"href":"https:\/\/power-fishing.shop\/index.php?rest_route=\/wp\/v2\/types\/product"}],"replies":[{"embeddable":true,"href":"https:\/\/power-fishing.shop\/index.php?rest_route=%2Fwp%2Fv2%2Fcomments&post=230"}],"version-history":[{"count":2,"href":"https:\/\/power-fishing.shop\/index.php?rest_route=\/wp\/v2\/product\/230\/revisions"}],"predecessor-version":[{"id":512460,"href":"https:\/\/power-fishing.shop\/index.php?rest_route=\/wp\/v2\/product\/230\/revisions\/512460"}],"wp:featuredmedia":[{"embeddable":true,"href":"https:\/\/power-fishing.shop\/index.php?rest_route=\/wp\/v2\/media\/301"}],"wp:attachment":[{"href":"https:\/\/power-fishing.shop\/index.php?rest_route=%2Fwp%2Fv2%2Fmedia&parent=230"}],"wp:term":[{"taxonomy":"product_brand","embeddable":true,"href":"https:\/\/power-fishing.shop\/index.php?rest_route=%2Fwp%2Fv2%2Fproduct_brand&post=230"},{"taxonomy":"product_cat","embeddable":true,"href":"https:\/\/power-fishing.shop\/index.php?rest_route=%2Fwp%2Fv2%2Fproduct_cat&post=230"},{"taxonomy":"product_tag","embeddable":true,"href":"https:\/\/power-fishing.shop\/index.php?rest_route=%2Fwp%2Fv2%2Fproduct_tag&post=230"}],"curies":[{"name":"wp","href":"https:\/\/api.w.org\/{rel}","templated":true}]}}