{"id":214,"date":"2018-02-11T14:15:07","date_gmt":"2018-02-11T14:15:07","guid":{"rendered":"http:\/\/power-fishing.shop\/?post_type=product&#038;p=214"},"modified":"2024-03-24T19:43:38","modified_gmt":"2024-03-24T18:43:38","slug":"pure-liver-protein","status":"publish","type":"product","link":"https:\/\/power-fishing.shop\/?product=pure-liver-protein","title":{"rendered":"pure liver protein"},"content":{"rendered":"<p>Perfekt zum Dippen von Hookbaits und Popups. Auch bestens geeignet zum Einsatz in Verbindung mit unseren Pulver Dips.<\/p>\n<p>\u201cpure liver protein\u201c basierend auf fl\u00fcssigem Fischprotein und Leberextrakt, angereichert mit Betain und weitern Attraktoren\u00a0 und komplett wasserl\u00f6slich, auch bei kaltem Wasser.<\/p>\n<p>Jetzt neu in einer gro\u00dfen Flasche mit <strong>40 mm Flaschenhals<\/strong>. Ideal f\u00fcr gro\u00dfe Boilies und genug Platz und auch mehrere Boilies gleichzeitig zu dippen.<\/p>\n<p>Keine Angst davor euren Boilie oder Deadcat hier ein bis zwei Tage einzulegen (am besten schon fertig montiert). Der Dip l\u00f6st den Boilie nicht auf, er zieht nur tief in ihn hinein.<\/p>\n<p>Zutaten: Fischextrakt, Fischprotein, Leberextrakt, Betain<\/p>\n<p><strong>Verpackungsgr\u00f6\u00dfen:<\/strong> 150 ml Flasche<\/p>\n","protected":false},"excerpt":{"rendered":"<p>Perfekt zum Dippen von Hookbaits und Popups. Auch bestens geeignet zum Einsatz in Verbindung mit unseren Pulver Dips. \u201cpure liver protein\u201c basierend auf fl\u00fcssigem Fischprotein und Leberextrakt, angereichert mit Betain und weitern Attraktoren\u00a0 und komplett wasserl\u00f6slich, auch bei kaltem Wasser. Jetzt neu in einer gro\u00dfen Flasche mit 40 mm Flaschenhals. Ideal f\u00fcr gro\u00dfe Boilies und [&hellip;]<\/p>\n","protected":false},"featured_media":215,"comment_status":"open","ping_status":"closed","template":"","meta":[],"product_brand":[],"product_cat":[67,157,342],"product_tag":[73,74,75,76,77],"class_list":{"0":"post-214","1":"product","2":"type-product","3":"status-publish","4":"has-post-thumbnail","6":"product_cat-liquids-dips","7":"product_cat-wallerkoeder","8":"product_cat-phase-iv","9":"product_tag-liquid","10":"product_tag-booster","11":"product_tag-dip","12":"product_tag-leber","13":"product_tag-liver","15":"first","16":"instock","17":"taxable","18":"shipping-taxable","19":"purchasable","20":"product-type-simple"},"_links":{"self":[{"href":"https:\/\/power-fishing.shop\/index.php?rest_route=\/wp\/v2\/product\/214","targetHints":{"allow":["GET"]}}],"collection":[{"href":"https:\/\/power-fishing.shop\/index.php?rest_route=\/wp\/v2\/product"}],"about":[{"href":"https:\/\/power-fishing.shop\/index.php?rest_route=\/wp\/v2\/types\/product"}],"replies":[{"embeddable":true,"href":"https:\/\/power-fishing.shop\/index.php?rest_route=%2Fwp%2Fv2%2Fcomments&post=214"}],"version-history":[{"count":1,"href":"https:\/\/power-fishing.shop\/index.php?rest_route=\/wp\/v2\/product\/214\/revisions"}],"predecessor-version":[{"id":512452,"href":"https:\/\/power-fishing.shop\/index.php?rest_route=\/wp\/v2\/product\/214\/revisions\/512452"}],"wp:featuredmedia":[{"embeddable":true,"href":"https:\/\/power-fishing.shop\/index.php?rest_route=\/wp\/v2\/media\/215"}],"wp:attachment":[{"href":"https:\/\/power-fishing.shop\/index.php?rest_route=%2Fwp%2Fv2%2Fmedia&parent=214"}],"wp:term":[{"taxonomy":"product_brand","embeddable":true,"href":"https:\/\/power-fishing.shop\/index.php?rest_route=%2Fwp%2Fv2%2Fproduct_brand&post=214"},{"taxonomy":"product_cat","embeddable":true,"href":"https:\/\/power-fishing.shop\/index.php?rest_route=%2Fwp%2Fv2%2Fproduct_cat&post=214"},{"taxonomy":"product_tag","embeddable":true,"href":"https:\/\/power-fishing.shop\/index.php?rest_route=%2Fwp%2Fv2%2Fproduct_tag&post=214"}],"curies":[{"name":"wp","href":"https:\/\/api.w.org\/{rel}","templated":true}]}}