{"id":180,"date":"2018-02-10T20:24:46","date_gmt":"2018-02-10T20:24:46","guid":{"rendered":"http:\/\/power-fishing.shop\/?post_type=product&#038;p=180"},"modified":"2024-07-29T11:03:06","modified_gmt":"2024-07-29T09:03:06","slug":"red-hot-secret","status":"publish","type":"product","link":"https:\/\/power-fishing.shop\/?product=red-hot-secret","title":{"rendered":"Red Hot Secret"},"content":{"rendered":"<p>\u201ered hot secret\u201c der Name war schnell gefunden nach den ersten Reaktionen der an der Entwicklung beteiligten Testfischer und den Kommentaren von Anglern am Wasser, \u201ewas ist denn da drin? Etwa Fleisch? oder \u201each das riecht aber interessant nach Fisch\u201c oder \u201ewas ist denn das? Kann ich ja gar nicht zuordnen\u201c. Diese Aussagen und die Zusammensetzung des Boilies haben dann den Namen ergeben. \u201ered hot secret\u201c der neue Boilie 2007.<\/p>\n<p>Auch diesem Boilie gingen viele Monate des Testens und Probierens voraus, viele verschiedene Varianten um zu guter Letzt ein Endergebnis zu erzielen, das alle Angler \u00fcberzeugen konnte. Bislang nicht gekannte Massenf\u00e4nge an sehr stark befischten deutschen Gew\u00e4ssern, genauso wie viele neue Personal Best\u00b4s waren keine Seltenheit dieses Jahr. Sicherlich ist dieser Boilie keine Wunderkugel, aber die Erfolge haben gezeigt, dass die Fische ihn lieben. Auch \u00fcber Wochen und Monate am selben Gew\u00e4sser, am selben Abschnitt gef\u00fcttert und gefischt und immer noch fressen die Karpfen den Boilie und werden in hohen St\u00fcckzahlen gefangen. Ein Boilie der auf jeden Fall einen Versuch wert ist.<\/p>\n<p>Ein kleines &#8222;Update&#8220; gab es dann 2015, der Boilie bekam noch etwas Blutmehl um einfach noch ausgewogener zu sein.<\/p>\n<p>&nbsp;<\/p>\n<p>&nbsp;<\/p>\n<p><strong>Zutaten:<\/strong>\u00a0 Fischmehl, H\u00fchnereiwei\u00df, Frischei, Fisch\u00f6l, Blutmehl, Gew\u00fcrze, Getreideprodukte, Protein, Milchprodukte, Fermentationsprodukte, Betain, Fischextrakt<\/p>\n<p><strong>Gr\u00f6\u00dfen:<\/strong> Standart 21 mm, ab 10 kg auch 17 mm m\u00f6glich<\/p>\n<p><strong>Konservierung:<\/strong> gesalzen<\/p>\n<p><strong>Lieferzeit:<\/strong> ca. 1 Woche<\/p>\n<p><strong>Andere Konservierungen m\u00f6glich, auf Wunsch auch als freezer oder ab 10 kg auch konserviert.<\/strong><\/p>\n","protected":false},"excerpt":{"rendered":"<p>\u201ered hot secret\u201c der Name war schnell gefunden nach den ersten Reaktionen der an der Entwicklung beteiligten Testfischer und den Kommentaren von Anglern am Wasser, \u201ewas ist denn da drin? Etwa Fleisch? oder \u201each das riecht aber interessant nach Fisch\u201c oder \u201ewas ist denn das? Kann ich ja gar nicht zuordnen\u201c. Diese Aussagen und die [&hellip;]<\/p>\n","protected":false},"featured_media":179,"comment_status":"open","ping_status":"closed","template":"","meta":[],"product_brand":[],"product_cat":[31,343],"product_tag":[35,36,37,38,39,33,34],"class_list":{"0":"post-180","1":"product","2":"type-product","3":"status-publish","4":"has-post-thumbnail","6":"product_cat-boilies","7":"product_cat-red-hot-secret","8":"product_tag-phase-3","9":"product_tag-phase-4","10":"product_tag-phase-ii","11":"product_tag-phaste-iii","12":"product_tag-phase-iv","13":"product_tag-boilies","14":"product_tag-phase-2","15":"pa_groesse-17-mm","16":"pa_groesse-21-mm","17":"pa_groesse-17-mm-dumble","18":"pa_menge-25-kg","19":"pa_menge-10-kg","21":"first","22":"instock","23":"taxable","24":"shipping-taxable","25":"purchasable","26":"product-type-variable","27":"has-default-attributes"},"_links":{"self":[{"href":"https:\/\/power-fishing.shop\/index.php?rest_route=\/wp\/v2\/product\/180","targetHints":{"allow":["GET"]}}],"collection":[{"href":"https:\/\/power-fishing.shop\/index.php?rest_route=\/wp\/v2\/product"}],"about":[{"href":"https:\/\/power-fishing.shop\/index.php?rest_route=\/wp\/v2\/types\/product"}],"replies":[{"embeddable":true,"href":"https:\/\/power-fishing.shop\/index.php?rest_route=%2Fwp%2Fv2%2Fcomments&post=180"}],"version-history":[{"count":1,"href":"https:\/\/power-fishing.shop\/index.php?rest_route=\/wp\/v2\/product\/180\/revisions"}],"predecessor-version":[{"id":512459,"href":"https:\/\/power-fishing.shop\/index.php?rest_route=\/wp\/v2\/product\/180\/revisions\/512459"}],"wp:featuredmedia":[{"embeddable":true,"href":"https:\/\/power-fishing.shop\/index.php?rest_route=\/wp\/v2\/media\/179"}],"wp:attachment":[{"href":"https:\/\/power-fishing.shop\/index.php?rest_route=%2Fwp%2Fv2%2Fmedia&parent=180"}],"wp:term":[{"taxonomy":"product_brand","embeddable":true,"href":"https:\/\/power-fishing.shop\/index.php?rest_route=%2Fwp%2Fv2%2Fproduct_brand&post=180"},{"taxonomy":"product_cat","embeddable":true,"href":"https:\/\/power-fishing.shop\/index.php?rest_route=%2Fwp%2Fv2%2Fproduct_cat&post=180"},{"taxonomy":"product_tag","embeddable":true,"href":"https:\/\/power-fishing.shop\/index.php?rest_route=%2Fwp%2Fv2%2Fproduct_tag&post=180"}],"curies":[{"name":"wp","href":"https:\/\/api.w.org\/{rel}","templated":true}]}}