{"id":174,"date":"2018-04-04T10:45:33","date_gmt":"2018-04-04T10:45:33","guid":{"rendered":"http:\/\/power-fishing.shop\/?post_type=product&#038;p=174"},"modified":"2024-03-03T14:57:00","modified_gmt":"2024-03-03T13:57:00","slug":"phase-iv","status":"publish","type":"product","link":"https:\/\/power-fishing.shop\/?product=phase-iv","title":{"rendered":"Boiliemix &#8222;Deep Sea&#8220;"},"content":{"rendered":"<p>Der Boiliemix \u201eDeep Sea\u201c ist ein hochwertiger und ausgewogener Standartmix mit 30% Fischmehlanteil und 5% Micropellets. Er l\u00e4sst sich gut verarbeiten ohne zu verkleben. Auf 1 kg Mix braucht ihr ca. 9-12 Eier, je nach Gr\u00f6\u00dfe der Eier und Menge eurer weiteren Fl\u00fcssigzutaten.<\/p>\n<p>Durch die Zugabe von \u00d6l, Lachs- oder z.B. Pflanzen\u00f6l von ca. 20-40 ml l\u00e4sst sich der Mix noch einfacher verarbeiten.<\/p>\n<p>Nach 1-2 Tagen trocknen habt ihr einen festen Boilie, der langsam Ausschwemmt und unter normalen Umst\u00e4nden problemlos bis zu 24 Stunden h\u00e4lt.<\/p>\n<p>Er eignet sich auch wunderbar als Tr\u00e4ger, den ihr mit weiteren Spezialzutaten wie z.B. \u201eLeberextrakt\u201c, \u201epower-red-spice\u201c, &#8222;Betain&#8220; oder dem neuen \u201eInsektoid\u201c weiter verfeinern und einzigartig machen k\u00f6nnt.<\/p>\n<p>Er besitzt ganz ohne Zugabe von Aromen schon eine starke Lockwirkung, kann aber mit Aromen noch attraktiver gemacht werden.<\/p>\n<p><strong>Zutaten:<\/strong> Fischmehl, H\u00fchnereiwei\u00df, Getreideerzeugnisse, Milchprodukte, micro Pellets.<\/p>\n<p><strong>Mengen:<\/strong> 2,5 und 10 kg<\/p>\n<p><strong>Lieferzeit:<\/strong> ca. 1 Woche<\/p>\n","protected":false},"excerpt":{"rendered":"<p>Der Boiliemix \u201eDeep Sea\u201c ist ein hochwertiger und ausgewogener Standartmix mit 30% Fischmehlanteil und 5% Micropellets. Er l\u00e4sst sich gut verarbeiten ohne zu verkleben. Auf 1 kg Mix braucht ihr ca. 9-12 Eier, je nach Gr\u00f6\u00dfe der Eier und Menge eurer weiteren Fl\u00fcssigzutaten. Durch die Zugabe von \u00d6l, Lachs- oder z.B. Pflanzen\u00f6l von ca. 20-40 [&hellip;]<\/p>\n","protected":false},"featured_media":771,"comment_status":"open","ping_status":"closed","template":"","meta":[],"product_brand":[],"product_cat":[122],"product_tag":[36,37,39,63,123,33,124,34,125,35,126],"class_list":{"0":"post-174","1":"product","2":"type-product","3":"status-publish","4":"has-post-thumbnail","6":"product_cat-boiliemixe","7":"product_tag-phase-4","8":"product_tag-phase-ii","9":"product_tag-phase-iv","10":"product_tag-phase-iii","11":"product_tag-boiliemix","12":"product_tag-boilies","13":"product_tag-deep-sea","14":"product_tag-phase-2","15":"product_tag-fishmix","16":"product_tag-phase-3","17":"product_tag-fischmix","18":"pa_menge-25-kg","19":"pa_menge-10-kg","21":"first","22":"instock","23":"taxable","24":"shipping-taxable","25":"purchasable","26":"product-type-variable","27":"has-default-attributes"},"_links":{"self":[{"href":"https:\/\/power-fishing.shop\/index.php?rest_route=\/wp\/v2\/product\/174","targetHints":{"allow":["GET"]}}],"collection":[{"href":"https:\/\/power-fishing.shop\/index.php?rest_route=\/wp\/v2\/product"}],"about":[{"href":"https:\/\/power-fishing.shop\/index.php?rest_route=\/wp\/v2\/types\/product"}],"replies":[{"embeddable":true,"href":"https:\/\/power-fishing.shop\/index.php?rest_route=%2Fwp%2Fv2%2Fcomments&post=174"}],"version-history":[{"count":0,"href":"https:\/\/power-fishing.shop\/index.php?rest_route=\/wp\/v2\/product\/174\/revisions"}],"wp:featuredmedia":[{"embeddable":true,"href":"https:\/\/power-fishing.shop\/index.php?rest_route=\/wp\/v2\/media\/771"}],"wp:attachment":[{"href":"https:\/\/power-fishing.shop\/index.php?rest_route=%2Fwp%2Fv2%2Fmedia&parent=174"}],"wp:term":[{"taxonomy":"product_brand","embeddable":true,"href":"https:\/\/power-fishing.shop\/index.php?rest_route=%2Fwp%2Fv2%2Fproduct_brand&post=174"},{"taxonomy":"product_cat","embeddable":true,"href":"https:\/\/power-fishing.shop\/index.php?rest_route=%2Fwp%2Fv2%2Fproduct_cat&post=174"},{"taxonomy":"product_tag","embeddable":true,"href":"https:\/\/power-fishing.shop\/index.php?rest_route=%2Fwp%2Fv2%2Fproduct_tag&post=174"}],"curies":[{"name":"wp","href":"https:\/\/api.w.org\/{rel}","templated":true}]}}