{"id":1220,"date":"2019-04-26T07:26:39","date_gmt":"2019-04-26T07:26:39","guid":{"rendered":"https:\/\/power-fishing.shop\/?post_type=product&#038;p=1220"},"modified":"2024-03-03T04:11:15","modified_gmt":"2024-03-03T03:11:15","slug":"king-julian","status":"publish","type":"product","link":"https:\/\/power-fishing.shop\/?product=king-julian","title":{"rendered":"King Julian"},"content":{"rendered":"<p>Seit 2018 im Programm und nach langer \u201ePause\u201c wieder ein s\u00fc\u00dfer, fruchtiger aber auch auch, wie sollte es anders sein, ein etwas spezieller Boilie.<\/p>\n<p>Der \u201eKing Julian\u201c basiert auf einem s\u00fc\u00dfen Milch-Birdy-Hanf\u00a0 Mix mit einem gro\u00dfen Anteil des weitbekannten, originalen Quiko Classik. Er hat eine angenehme fruchtige Note und doch auch leicht w\u00fcrzig\/herb. Hier kommt eine Mischung aus verschiedener Fruchtaromen zum Einsatz. Auch haben wir hier zur Abwechslung mal ein wenig Farbe ins Spiel gebracht.<\/p>\n<p>Der Boilie entwickelt im Wasser schnell eine leicht schmierige Au\u00dfenhaut, schwemmt gut aus, h\u00e4rtet aber auch noch ein wenig nach.<\/p>\n<p>Wer fruchtige und gelbe Boilies mag, der wird den \u201eKing Julian\u201c lieben und schnell feststellen, es ist ein Typischer Boilie von power-fishing und kein einfacher s\u00fc\u00dfer Schusser von der Stange.<\/p>\n<p><strong>Zutaten:<\/strong><\/p>\n<p>Milchprodukte, Quiko, R\u00f6sthanf, Getreideerzeugnisse, Frischei, Biskuit, Betain, Frischei, H\u00fchnereiweis, Farbstoffe, \u00c4therische \u00d6le, Aromen<\/p>\n<p><strong>Gr\u00f6\u00dfen:<\/strong> Standart 21 mm, ab 10 kg auch 17 mm m\u00f6glich<\/p>\n<p><strong>Konservierung:<\/strong> gesalzen<\/p>\n<p><strong>Lieferzeit:<\/strong> ca. 1 Woche<\/p>\n<p><strong>Andere Konservierungen m\u00f6glich, auf Wunsch auch als freezer oder ab 10 kg auch konserviert.<\/strong><\/p>\n","protected":false},"excerpt":{"rendered":"<p>Seit 2018 im Programm und nach langer \u201ePause\u201c wieder ein s\u00fc\u00dfer, fruchtiger aber auch auch, wie sollte es anders sein, ein etwas spezieller Boilie. Der \u201eKing Julian\u201c basiert auf einem s\u00fc\u00dfen Milch-Birdy-Hanf\u00a0 Mix mit einem gro\u00dfen Anteil des weitbekannten, originalen Quiko Classik. Er hat eine angenehme fruchtige Note und doch auch leicht w\u00fcrzig\/herb. Hier kommt [&hellip;]<\/p>\n","protected":false},"featured_media":2398,"comment_status":"open","ping_status":"closed","template":"","meta":[],"product_brand":[],"product_cat":[31],"product_tag":[113,137,150,151,33,152,153,154,155,86],"class_list":{"0":"post-1220","1":"product","2":"type-product","3":"status-publish","4":"has-post-thumbnail","6":"product_cat-boilies","7":"product_tag-frucht","8":"product_tag-creme","9":"product_tag-gelb","10":"product_tag-king","11":"product_tag-boilies","12":"product_tag-julian","13":"product_tag-kingjulian","14":"product_tag-king-julian","15":"product_tag-fruchtig","16":"product_tag-suess","17":"pa_groesse-17-mm","18":"pa_groesse-21-mm","19":"pa_groesse-17-mm-dumble","20":"pa_menge-25-kg","21":"pa_menge-10-kg","23":"first","24":"instock","25":"taxable","26":"shipping-taxable","27":"purchasable","28":"product-type-variable","29":"has-default-attributes"},"_links":{"self":[{"href":"https:\/\/power-fishing.shop\/index.php?rest_route=\/wp\/v2\/product\/1220","targetHints":{"allow":["GET"]}}],"collection":[{"href":"https:\/\/power-fishing.shop\/index.php?rest_route=\/wp\/v2\/product"}],"about":[{"href":"https:\/\/power-fishing.shop\/index.php?rest_route=\/wp\/v2\/types\/product"}],"replies":[{"embeddable":true,"href":"https:\/\/power-fishing.shop\/index.php?rest_route=%2Fwp%2Fv2%2Fcomments&post=1220"}],"version-history":[{"count":0,"href":"https:\/\/power-fishing.shop\/index.php?rest_route=\/wp\/v2\/product\/1220\/revisions"}],"wp:featuredmedia":[{"embeddable":true,"href":"https:\/\/power-fishing.shop\/index.php?rest_route=\/wp\/v2\/media\/2398"}],"wp:attachment":[{"href":"https:\/\/power-fishing.shop\/index.php?rest_route=%2Fwp%2Fv2%2Fmedia&parent=1220"}],"wp:term":[{"taxonomy":"product_brand","embeddable":true,"href":"https:\/\/power-fishing.shop\/index.php?rest_route=%2Fwp%2Fv2%2Fproduct_brand&post=1220"},{"taxonomy":"product_cat","embeddable":true,"href":"https:\/\/power-fishing.shop\/index.php?rest_route=%2Fwp%2Fv2%2Fproduct_cat&post=1220"},{"taxonomy":"product_tag","embeddable":true,"href":"https:\/\/power-fishing.shop\/index.php?rest_route=%2Fwp%2Fv2%2Fproduct_tag&post=1220"}],"curies":[{"name":"wp","href":"https:\/\/api.w.org\/{rel}","templated":true}]}}