{"id":1107,"date":"2019-03-04T07:30:27","date_gmt":"2019-03-04T07:30:27","guid":{"rendered":"https:\/\/power-fishing.shop\/?post_type=product&#038;p=1107"},"modified":"2024-03-24T19:40:06","modified_gmt":"2024-03-24T18:40:06","slug":"phase-iv-active-popup-17mm","status":"publish","type":"product","link":"https:\/\/power-fishing.shop\/?product=phase-iv-active-popup-17mm","title":{"rendered":"Phase IV &#8222;active&#8220; Popup 17mm"},"content":{"rendered":"<div class=\"text_exposed_show\">\n<p>Ganz neu in der Phase IV Range und eine konsequente Weiterentwicklung verschiedener Produkte aus der bestehenden Range.<\/p>\n<p>Im Kern ein 17 mm Phase IV Popup, ummantelt mit einer wasserl\u00f6slichen Schicht aus Zutaten wie zb Fischmehl, Fischprotein, Micropellets, Insekten, Leber, \u2026 die sich nicht wie bei unseren \u201eactive\u201c Boilies einfach l\u00f6st, sondern sie entwickelt sich zu einer schmierigen und schleimigen Au\u00dfenhaut, die den Popup umschlie\u00dft und so \u00fcber Stunden gleichm\u00e4\u00dfig die Attraktoren ans Wasser abgibt.<\/p>\n<\/div>\n<p>&nbsp;<\/p>\n<p><strong>Zutaten:<\/strong> Fischmehl, Gew\u00fcrze, Salz, H\u00fchnereiwei\u00df, Frischei, Getreideerzeugnisse, Fisch\u00f6l, Aromen, Milchprodukte, tierisches Protein, Lebermehl Rind, Betain, micro Pellets, getrocknete Insekten.<\/p>\n<p><strong>Gr\u00f6\u00dfen:<\/strong> Kern 17 mm \/ gesamt ca. 19\/20 mm<\/p>\n<p><strong>Menge:<\/strong> 100 gr (ca. 40 St\u00fcck)<\/p>\n<p><strong>Lieferzeit:<\/strong> ca. 1 Woche<\/p>\n<p><strong>\u00a0<\/strong><\/p>\n","protected":false},"excerpt":{"rendered":"<p>Ganz neu in der Phase IV Range und eine konsequente Weiterentwicklung verschiedener Produkte aus der bestehenden Range. Im Kern ein 17 mm Phase IV Popup, ummantelt mit einer wasserl\u00f6slichen Schicht aus Zutaten wie zb Fischmehl, Fischprotein, Micropellets, Insekten, Leber, \u2026 die sich nicht wie bei unseren \u201eactive\u201c Boilies einfach l\u00f6st, sondern sie entwickelt sich zu [&hellip;]<\/p>\n","protected":false},"featured_media":1108,"comment_status":"open","ping_status":"closed","template":"","meta":[],"product_brand":[],"product_cat":[32,342],"product_tag":[39,33,63,34,80,35,116,36,131,37],"class_list":{"0":"post-1107","1":"product","2":"type-product","3":"status-publish","4":"has-post-thumbnail","6":"product_cat-boilies-hookbaits","7":"product_cat-phase-iv","8":"product_tag-phase-iv","9":"product_tag-boilies","10":"product_tag-phase-iii","11":"product_tag-phase-2","12":"product_tag-bigballs","13":"product_tag-phase-3","14":"product_tag-hoover","15":"product_tag-phase-4","16":"product_tag-30-mm","17":"product_tag-phase-ii","18":"pa_groesse-17-mm","19":"pa_groesse-21-mm","20":"pa_groesse-17-mm-dumble","21":"pa_menge-25-kg","22":"pa_menge-10-kg","24":"first","25":"instock","26":"taxable","27":"shipping-taxable","28":"purchasable","29":"product-type-simple"},"_links":{"self":[{"href":"https:\/\/power-fishing.shop\/index.php?rest_route=\/wp\/v2\/product\/1107","targetHints":{"allow":["GET"]}}],"collection":[{"href":"https:\/\/power-fishing.shop\/index.php?rest_route=\/wp\/v2\/product"}],"about":[{"href":"https:\/\/power-fishing.shop\/index.php?rest_route=\/wp\/v2\/types\/product"}],"replies":[{"embeddable":true,"href":"https:\/\/power-fishing.shop\/index.php?rest_route=%2Fwp%2Fv2%2Fcomments&post=1107"}],"version-history":[{"count":1,"href":"https:\/\/power-fishing.shop\/index.php?rest_route=\/wp\/v2\/product\/1107\/revisions"}],"predecessor-version":[{"id":512446,"href":"https:\/\/power-fishing.shop\/index.php?rest_route=\/wp\/v2\/product\/1107\/revisions\/512446"}],"wp:featuredmedia":[{"embeddable":true,"href":"https:\/\/power-fishing.shop\/index.php?rest_route=\/wp\/v2\/media\/1108"}],"wp:attachment":[{"href":"https:\/\/power-fishing.shop\/index.php?rest_route=%2Fwp%2Fv2%2Fmedia&parent=1107"}],"wp:term":[{"taxonomy":"product_brand","embeddable":true,"href":"https:\/\/power-fishing.shop\/index.php?rest_route=%2Fwp%2Fv2%2Fproduct_brand&post=1107"},{"taxonomy":"product_cat","embeddable":true,"href":"https:\/\/power-fishing.shop\/index.php?rest_route=%2Fwp%2Fv2%2Fproduct_cat&post=1107"},{"taxonomy":"product_tag","embeddable":true,"href":"https:\/\/power-fishing.shop\/index.php?rest_route=%2Fwp%2Fv2%2Fproduct_tag&post=1107"}],"curies":[{"name":"wp","href":"https:\/\/api.w.org\/{rel}","templated":true}]}}