{"id":584,"date":"2018-02-18T20:27:44","date_gmt":"2018-02-18T20:27:44","guid":{"rendered":"https:\/\/power-fishing.shop\/?page_id=584"},"modified":"2018-02-18T20:30:27","modified_gmt":"2018-02-18T20:30:27","slug":"584-2","status":"publish","type":"page","link":"https:\/\/power-fishing.shop\/?page_id=584","title":{"rendered":"Mein pers\u00f6nliches Sommerm\u00e4rchen, oder der Traum in 40+"},"content":{"rendered":"<p>2009 standen 2 Wochen Urlaub ins Haus und ich wu\u00dfte genau was ich da mache. Der Tag der Abreise war gekommen, das Auto bis unters Dach mit Tackle und 200kg Futter best\u00fcckt, davon 150 Kilo Partikel.<\/p>\n<p>In den fr\u00fchen Morgenstunden\u00a0traf ich mich mit Daniel und ab ging es an ein Gew\u00e4sser das wir im Oktober 2008 schon mal befischten. In der Zeit ging ich leer aus, Daniel konnte mehrere Fische mit den Boilies von power-fishing fangen, der schwerste hatte 36 Pfund.<\/p>\n<p>Ich musste einfach wieder an diesen See, der mich mit seiner Sch\u00f6nheit und faszinierender Natur in seinen Bann gezogen hat.<\/p>\n<p>Nach drei Stunden endlos erscheinender Fahrt waren wir endlich da.<\/p>\n<p>Auto ausr\u00e4umen, Camp aufbauen und Stellen suchen. Letzteres sollte sich als Lotterie herausstellen, denn ein m\u00f6glicher Hot Spot folgte dem N\u00e4chsten.<\/p>\n<p><a href=\"https:\/\/power-fishing.shop\/wp-content\/uploads\/2018\/02\/2-2.jpg\" rel=\"https:\/\/power-fishing.shop\/wp-content\/uploads\/2018\/02\/2-2.jpg\"><img fetchpriority=\"high\" decoding=\"async\" class=\"aligncenter wp-image-574 size-medium\" title=\"https:\/\/power-fishing.shop\/wp-content\/uploads\/2018\/02\/2-2.jpg\" src=\"https:\/\/power-fishing.shop\/wp-content\/uploads\/2018\/02\/2-2-300x225.jpg\" alt=\"\" width=\"300\" height=\"225\" srcset=\"https:\/\/power-fishing.shop\/wp-content\/uploads\/2018\/02\/2-2-300x225.jpg 300w, https:\/\/power-fishing.shop\/wp-content\/uploads\/2018\/02\/2-2-416x312.jpg 416w, https:\/\/power-fishing.shop\/wp-content\/uploads\/2018\/02\/2-2.jpg 600w\" sizes=\"(max-width: 300px) 100vw, 300px\" \/><\/a><\/p>\n<p>Also griff ich auf eine ganz einfache Sache zur\u00fcck, ch verlie\u00df mich auf mein Gef\u00fchl. Nachdem alles erledigt war und die Montagen an Ihren Pl\u00e4tzen lagen genossen wir erstmal ein k\u00fchles Bier und die Sch\u00f6nheit der vor uns liegenden Natur.<\/p>\n<p>Der Abend und die Nacht brachen herein und bis zum Morgen blieben unsere Bissanzeiger stumm. Daniel entschloss sich an eine andere Stelle zu wechseln, an einen anderen See, in einem anderen Bundesland. Da er ohnehin nur drei Tage zum Fischen hatte und Tag Eins ohne Erfolg blieb, war seine Entscheidung an den See zu Fahren wo er 100 %ig Fische f\u00e4ngt nachzuvollziehen, da der See an dem wir waren nicht nur relatives Neuland, sondern auch recht schwierig zu befischen war.<\/p>\n<p>Ich blieb und befischte meine Spots weiter. In der Nacht gegen halb 2,Dauerton. Rute aufnehmen rein ins Boot und der Tanz begann. Nach kurzem Drill lag ein 20 Pfund Schuppi auf der Matte. Ein guter Einstand und besser als nichts dachte ich mir.<\/p>\n<p><a href=\"https:\/\/power-fishing.shop\/wp-content\/uploads\/2018\/02\/3-2.jpg\" rel=\"https:\/\/power-fishing.shop\/wp-content\/uploads\/2018\/02\/3-2.jpg\"><img decoding=\"async\" class=\"aligncenter wp-image-575 size-medium\" title=\"https:\/\/power-fishing.shop\/wp-content\/uploads\/2018\/02\/3-2.jpg\" src=\"https:\/\/power-fishing.shop\/wp-content\/uploads\/2018\/02\/3-2-300x225.jpg\" alt=\"\" width=\"300\" height=\"225\" srcset=\"https:\/\/power-fishing.shop\/wp-content\/uploads\/2018\/02\/3-2-300x225.jpg 300w, https:\/\/power-fishing.shop\/wp-content\/uploads\/2018\/02\/3-2-416x312.jpg 416w, https:\/\/power-fishing.shop\/wp-content\/uploads\/2018\/02\/3-2.jpg 600w\" sizes=\"(max-width: 300px) 100vw, 300px\" \/><\/a><\/p>\n<p>Nachdem ich die linke Rute wieder auf Ihren Bestimmungsort in 400 Metern abgelegt hatte kroch ich wieder in meinen Schlafsack und schwebte ins Land der Tr\u00e4ume. Doch da sollte ich nicht lange verweilen. Die rechte Rute lief ab und der Tanz begann von neuem.<\/p>\n<p>Wieder an Land konnte ich einen 22iger Schuppi als zweiten Fisch auf meinem Konto verbuchen. Rute auf den Spot in 150 Metern abgelegt, Partikel, Pellets und Boilies dazu und wieder ab in die Koje.<\/p>\n<p><a href=\"https:\/\/power-fishing.shop\/wp-content\/uploads\/2018\/02\/4-2.jpg\" rel=\"https:\/\/power-fishing.shop\/wp-content\/uploads\/2018\/02\/4-2.jpg\"><img decoding=\"async\" class=\"aligncenter wp-image-576 size-medium\" title=\"https:\/\/power-fishing.shop\/wp-content\/uploads\/2018\/02\/4-2.jpg\" src=\"https:\/\/power-fishing.shop\/wp-content\/uploads\/2018\/02\/4-2-300x225.jpg\" alt=\"\" width=\"300\" height=\"225\" srcset=\"https:\/\/power-fishing.shop\/wp-content\/uploads\/2018\/02\/4-2-300x225.jpg 300w, https:\/\/power-fishing.shop\/wp-content\/uploads\/2018\/02\/4-2-416x312.jpg 416w, https:\/\/power-fishing.shop\/wp-content\/uploads\/2018\/02\/4-2.jpg 600w\" sizes=\"(max-width: 300px) 100vw, 300px\" \/><\/a><\/p>\n<p>Dachte ich, denn bis zum Schlafsack hab ich es nicht mehr geschafft.<\/p>\n<p>Freu freu sagte ich mir, das l\u00e4uft ja gut. Der ganze Spuk wiederholte sich insgesamt viermal auf dem Spot und innerhalb k\u00fcrzester Zeit konnte ich insgesamt 6 Fische als Plus verzeichnen. Die restliche Zeit, sowie die n\u00e4chsten 2 Tage und N\u00e4chte blieben die Piepser jedoch leise.<\/p>\n<p><a href=\"https:\/\/power-fishing.shop\/wp-content\/uploads\/2018\/02\/5-2.jpg\" rel=\"https:\/\/power-fishing.shop\/wp-content\/uploads\/2018\/02\/5-2.jpg\"><img loading=\"lazy\" decoding=\"async\" class=\"aligncenter wp-image-577 size-medium\" title=\"https:\/\/power-fishing.shop\/wp-content\/uploads\/2018\/02\/5-2.jpg\" src=\"https:\/\/power-fishing.shop\/wp-content\/uploads\/2018\/02\/5-2-300x225.jpg\" alt=\"\" width=\"300\" height=\"225\" srcset=\"https:\/\/power-fishing.shop\/wp-content\/uploads\/2018\/02\/5-2-300x225.jpg 300w, https:\/\/power-fishing.shop\/wp-content\/uploads\/2018\/02\/5-2-416x312.jpg 416w, https:\/\/power-fishing.shop\/wp-content\/uploads\/2018\/02\/5-2.jpg 600w\" sizes=\"(max-width: 300px) 100vw, 300px\" \/><\/a><\/p>\n<p>Also packte ich alles ein und zog an eine andere Stelle um. Nachdem alles fertig war, beschloss ich 2 Stellen zu befischen an denen ich die Morgen zuvor mehrere Fische rollen gesehen habe. Zwischenzeitlich telefonierte ich mit Daniel und traute meinen Ohren kaum von dem was er mir zu Erz\u00e4hlen hatte. Er konnte in einer Nacht \u00fcber 30 Fische fangen und die Ersten f\u00fcnf waren \u00fcber 30 Pfund.<\/p>\n<p>Am Morgen des n\u00e4chsten Tages rollten wieder einige Carps in der N\u00e4he meiner Spots. Schnell holte ich meine linke Rute rein, best\u00fcckte sie neu und warf sie in Richtung der Carps. Mit dem Wurfrohr noch paar Murmeln hinterher und warten.<\/p>\n<p>Mitten beim Kaffee und 15 Minuten sp\u00e4ter lief die linke Rute ab. Bei der Suche nach den Spots fiel mir ein Baum im Wasser auf der komplett mit Muscheln \u201ebewachsen\u201c ist.<\/p>\n<p>Es kam wie es kommen mu\u00dfte. Naja dachte ich mir,eine Woche hab ich ja noch. Abends dasselbe Spiel wie immer. In dieser Nacht fanden 2 wundersch\u00f6ne Spiegler den Weg in den Kescher. Der eine 24 Pfund und der andere 26 Pfund. Die Gewichte werden gr\u00f6sser. Aber die restliche Nacht blieb ohne Pieps. F\u00fcr die n\u00e4chste Nacht \u00e4nderte ich meine Taktik. Ich f\u00fctterte zwar die Spots weiter, legte aber meine Montage 2-3 Meter abseits ab.<\/p>\n<p>Mit Erfolg, denn endlich konnte ich meinen neuen PB mit 30ig Pfund fangen. Ein wundersch\u00f6ner Spiegler. Diese Taktik behielt ich bei, ob aus Aberglaube oder weil es wirklich so ist das die Gro\u00dfen abseits fressen.<\/p>\n<p>Was sollte nun noch kommen? Mein Ziel war erreicht und jeder weitere Fisch ist Bonus. Am Nachmittag wurde das Wetter schlechter.<\/p>\n<p><a href=\"https:\/\/power-fishing.shop\/wp-content\/uploads\/2018\/02\/6-2.jpg\" rel=\"https:\/\/power-fishing.shop\/wp-content\/uploads\/2018\/02\/6-2.jpg\"><img loading=\"lazy\" decoding=\"async\" class=\"aligncenter wp-image-578 size-medium\" title=\"https:\/\/power-fishing.shop\/wp-content\/uploads\/2018\/02\/6-2.jpg\" src=\"https:\/\/power-fishing.shop\/wp-content\/uploads\/2018\/02\/6-2-300x225.jpg\" alt=\"\" width=\"300\" height=\"225\" srcset=\"https:\/\/power-fishing.shop\/wp-content\/uploads\/2018\/02\/6-2-300x225.jpg 300w, https:\/\/power-fishing.shop\/wp-content\/uploads\/2018\/02\/6-2-416x312.jpg 416w, https:\/\/power-fishing.shop\/wp-content\/uploads\/2018\/02\/6-2.jpg 600w\" sizes=\"(max-width: 300px) 100vw, 300px\" \/><\/a><\/p>\n<p>Ringsum zogen graue Wolken auf und Blitze schossen durch den Himmel. Als es wieder aufheiterte bot sich mir ein Anblick den ich wohl nie vergessen werde. Ein riesiger Regenbogen erschien am anderen Ende des Sees und ich sagte mir: &#8222;Das ist ein Zeichen&#8220;<\/p>\n<p><a href=\"https:\/\/power-fishing.shop\/wp-content\/uploads\/2018\/02\/7-1.jpg\" rel=\"https:\/\/power-fishing.shop\/wp-content\/uploads\/2018\/02\/7-1.jpg\"><img loading=\"lazy\" decoding=\"async\" class=\"alignnone wp-image-579 size-medium\" title=\"https:\/\/power-fishing.shop\/wp-content\/uploads\/2018\/02\/7-1.jpg\" src=\"https:\/\/power-fishing.shop\/wp-content\/uploads\/2018\/02\/7-1-300x225.jpg\" alt=\"\" width=\"300\" height=\"225\" srcset=\"https:\/\/power-fishing.shop\/wp-content\/uploads\/2018\/02\/7-1-300x225.jpg 300w, https:\/\/power-fishing.shop\/wp-content\/uploads\/2018\/02\/7-1-416x312.jpg 416w, https:\/\/power-fishing.shop\/wp-content\/uploads\/2018\/02\/7-1.jpg 600w\" sizes=\"(max-width: 300px) 100vw, 300px\" \/><\/a> <a href=\"https:\/\/power-fishing.shop\/wp-content\/uploads\/2018\/02\/8-1.jpg\" rel=\"https:\/\/power-fishing.shop\/wp-content\/uploads\/2018\/02\/8-1.jpg\"><img loading=\"lazy\" decoding=\"async\" class=\"alignright wp-image-580 size-medium\" title=\"https:\/\/power-fishing.shop\/wp-content\/uploads\/2018\/02\/8-1.jpg\" src=\"https:\/\/power-fishing.shop\/wp-content\/uploads\/2018\/02\/8-1-300x225.jpg\" alt=\"\" width=\"300\" height=\"225\" srcset=\"https:\/\/power-fishing.shop\/wp-content\/uploads\/2018\/02\/8-1-300x225.jpg 300w, https:\/\/power-fishing.shop\/wp-content\/uploads\/2018\/02\/8-1-416x312.jpg 416w, https:\/\/power-fishing.shop\/wp-content\/uploads\/2018\/02\/8-1.jpg 600w\" sizes=\"(max-width: 300px) 100vw, 300px\" \/><\/a><\/p>\n<p>Und ich ahnte nicht wie Recht ich damit haben sollte.<\/p>\n<p>In der Nacht gegen halb eins lief die linke Rute ab. Ich sprang von der Liege in meine Schuhe, in denen sich 2 Nacktschnecken wohl auch zur Ruhe begeben haben. Kein wirklich tolles Gef\u00fchl kann ich Euch sagen.<\/p>\n<p>Ich schmiss die Schuhe zur Seite, rannte aus dem Bivi, rutschte auf dem nassen Gras aus und lag unter meinem Pod. \u00dcber mir kreischte die Bremse, endlich hatte ich mich irgendwie befreit. Ich nahm die Rute auf und begann den Fisch vom Land zu drillen. Fest, SCHEISSE \u00a0rief ich und sprang ins Boot.<\/p>\n<p>Pumpte mich \u00fcber den Fisch, aber ich war chancenlos. Ich machte alles neu, brachte die Rute raus und legte mich schlafen. Um 04.17 Uhr schrie der Bissanzeiger der rechten Rute so laut, da\u00df ich dacht er spuckt sein Innenleben raus. Da ich nicht noch einen Fisch verlieren wollte stieg ich direkt ins Boot.<\/p>\n<p>Am anderen Ende war kein Halten mehr. Er zog nach links, nach rechts, von mir weg und auf mich zu. Nach ca.20 Minuten kam er das erste Mal an die Oberfl\u00e4che, lie\u00df Luft und tauchte wieder ab. Das ganze wiederholte sich sieben Mal bis er endlich auf der Seite lag und die Maschen des Keschers sich um Ihn schlossen. Im Schein der Kopflampe war das Ausma\u00df des Carps nicht richtig zu erkennen und ich dachte f\u00fcr nen kleinen haste ganz sch\u00f6n Betrieb gemacht.<\/p>\n<p>Ich versuchte den Kescher locker mit einer Hand aus dem Wasser ins Bott zu hebn, es scheiterte kl\u00e4glich. Als ich den Fisch dann mit zwei H\u00e4nden ins Boot gehievt habe und er nun im Ganzen zu sehen war dacht ich mir: &#8222;\u00e4hm ja,hm der ist doch gr\u00f6\u00dfer.&#8220;<\/p>\n<p>Am Ufer angekommen wog ich den Fisch, ich wog Ihn nochmal und nochmal. Ich traute meinen Augen kaum, ein 118 cm langer Lederkarpfen mit 41,4 Pfund.<br \/>\n<a href=\"https:\/\/power-fishing.shop\/wp-content\/uploads\/2018\/02\/9-1.jpg\" rel=\"https:\/\/power-fishing.shop\/wp-content\/uploads\/2018\/02\/9-1.jpg\"><img loading=\"lazy\" decoding=\"async\" class=\"alignnone wp-image-581 size-medium\" title=\"https:\/\/power-fishing.shop\/wp-content\/uploads\/2018\/02\/9-1.jpg\" src=\"https:\/\/power-fishing.shop\/wp-content\/uploads\/2018\/02\/9-1-300x225.jpg\" alt=\"\" width=\"300\" height=\"225\" srcset=\"https:\/\/power-fishing.shop\/wp-content\/uploads\/2018\/02\/9-1-300x225.jpg 300w, https:\/\/power-fishing.shop\/wp-content\/uploads\/2018\/02\/9-1-416x312.jpg 416w, https:\/\/power-fishing.shop\/wp-content\/uploads\/2018\/02\/9-1.jpg 600w\" sizes=\"(max-width: 300px) 100vw, 300px\" \/><\/a> <a href=\"https:\/\/power-fishing.shop\/wp-content\/uploads\/2018\/02\/101-1.jpg\" rel=\"https:\/\/power-fishing.shop\/wp-content\/uploads\/2018\/02\/101-1.jpg\"><img loading=\"lazy\" decoding=\"async\" class=\"alignright wp-image-583 size-medium\" title=\"https:\/\/power-fishing.shop\/wp-content\/uploads\/2018\/02\/101-1.jpg\" src=\"https:\/\/power-fishing.shop\/wp-content\/uploads\/2018\/02\/101-1-300x225.jpg\" alt=\"\" width=\"300\" height=\"225\" srcset=\"https:\/\/power-fishing.shop\/wp-content\/uploads\/2018\/02\/101-1-300x225.jpg 300w, https:\/\/power-fishing.shop\/wp-content\/uploads\/2018\/02\/101-1-416x312.jpg 416w, https:\/\/power-fishing.shop\/wp-content\/uploads\/2018\/02\/101-1.jpg 600w\" sizes=\"(max-width: 300px) 100vw, 300px\" \/><\/a><\/p>\n<p>Ich versorgte schnell den Fisch, holte noch die linke Rute rein, machte mir ein k\u00fchles auf und genoss bzw. verarbeitete erstmal die Eindr\u00fccke der letzten Stunde.<\/p>\n<p>Alles in allem waren es wohl die besten 2 Wochen die ich hatte, denn immerhin fing ich gleich zweimal einen PB.<\/p>\n<p>In diesem Sinne w\u00fcnsche ich allen viele sch\u00f6ne Stunden am Wasser<\/p>\n","protected":false},"excerpt":{"rendered":"<p>2009 standen 2 Wochen Urlaub ins Haus und ich wu\u00dfte genau was ich da mache. Der Tag der Abreise war gekommen, das Auto bis unters Dach mit Tackle und 200kg Futter best\u00fcckt, davon 150 Kilo Partikel. In den fr\u00fchen Morgenstunden\u00a0traf ich mich mit Daniel und ab ging es an ein Gew\u00e4sser das wir im Oktober [&hellip;]<\/p>\n","protected":false},"author":1,"featured_media":0,"parent":161,"menu_order":0,"comment_status":"closed","ping_status":"closed","template":"","meta":{"footnotes":""},"class_list":["post-584","page","type-page","status-publish","hentry"],"_links":{"self":[{"href":"https:\/\/power-fishing.shop\/index.php?rest_route=\/wp\/v2\/pages\/584","targetHints":{"allow":["GET"]}}],"collection":[{"href":"https:\/\/power-fishing.shop\/index.php?rest_route=\/wp\/v2\/pages"}],"about":[{"href":"https:\/\/power-fishing.shop\/index.php?rest_route=\/wp\/v2\/types\/page"}],"author":[{"embeddable":true,"href":"https:\/\/power-fishing.shop\/index.php?rest_route=\/wp\/v2\/users\/1"}],"replies":[{"embeddable":true,"href":"https:\/\/power-fishing.shop\/index.php?rest_route=%2Fwp%2Fv2%2Fcomments&post=584"}],"version-history":[{"count":2,"href":"https:\/\/power-fishing.shop\/index.php?rest_route=\/wp\/v2\/pages\/584\/revisions"}],"predecessor-version":[{"id":586,"href":"https:\/\/power-fishing.shop\/index.php?rest_route=\/wp\/v2\/pages\/584\/revisions\/586"}],"up":[{"embeddable":true,"href":"https:\/\/power-fishing.shop\/index.php?rest_route=\/wp\/v2\/pages\/161"}],"wp:attachment":[{"href":"https:\/\/power-fishing.shop\/index.php?rest_route=%2Fwp%2Fv2%2Fmedia&parent=584"}],"curies":[{"name":"wp","href":"https:\/\/api.w.org\/{rel}","templated":true}]}}