{"id":511335,"date":"2020-05-06T08:51:07","date_gmt":"2020-05-06T06:51:07","guid":{"rendered":"https:\/\/power-fishing.shop\/?page_id=511335"},"modified":"2020-05-06T09:01:33","modified_gmt":"2020-05-06T07:01:33","slug":"neue-ziele","status":"publish","type":"page","link":"https:\/\/power-fishing.shop\/?page_id=511335","title":{"rendered":"Neue Ziele"},"content":{"rendered":"<p><strong>&nbsp;<\/strong><strong>Neue Ziele<\/strong><\/p>\n<p>Das Jahr 2020 hat begonnen und man beginnt damit sich Gedanken zu machen was will man in diesem Jahr erreichen? Welche Ziele setzt man sich und was will man ver\u00e4ndern?<img fetchpriority=\"high\" decoding=\"async\" class=\"alignleft\" src=\"https:\/\/power-fishing.shop\/wp-content\/uploads\/2020\/05\/IMG_20200320_183504_109-300x239.jpg\" alt=\"\" width=\"300\" height=\"239\"><\/p>\n<p>Da Ich mich die letzten Jahre fast immer an den gleichen Gew\u00e4ssern aufgehalten &nbsp;habe, war das ein Punkt der sich dieses Jahr \u00e4ndern sollte. So formte sich mein Ziel f\u00fcr 2020, es soll wieder an Alte Gew\u00e4sser die Ich lange nicht besucht habe und an neue Gew\u00e4sser mit Fischbestand \u201eUnbekannt\u201c gehen.<\/p>\n<p>An einer kleinen, ca. 30 Jahre alte, Kiesgrube will Ich 2020 mein Gl\u00fcck zu versuchen.<\/p>\n<p>So kam es das Ich an einem Sonntagnachmittag mein Faltboot und mein Echolot ins Auto packte und mich auf den Weg machte. An der Grube angekommen musste Ich feststellen das die Nacht wohl doch k\u00e4lter war als Gedacht, eine d\u00fcnne Eisschicht \u00fcberzog das Gew\u00e4sser. Also hie\u00df es warten und hoffen das die Sonne gen\u00fcgen Kraft hat das d\u00fcnne Eis zu schmelzen. W\u00e4hrend Ich wartete verschaffte Ich mir vom Ufer eine \u00dcbersicht. Die Kiesgrube wird von Schilf ums\u00e4umt, sie hat eine kleine Insel, und es befinden sich \u00fcberh\u00e4ngende und versunkene B\u00e4ume am Ufer.<img decoding=\"async\" class=\"alignright\" src=\"https:\/\/power-fishing.shop\/wp-content\/uploads\/2020\/05\/20200209_121913-300x169.jpg\" alt=\"\" width=\"300\" height=\"169\"><\/p>\n<p>Eine Stunde sp\u00e4ter war es dann endlich soweit, das Eis war so gut wie weg und Ich konnte aufs <strong><img decoding=\"async\" class=\"alignright\" src=\"https:\/\/power-fishing.shop\/wp-content\/uploads\/2020\/05\/20200209_134351-300x169.jpg\" alt=\"\" width=\"300\" height=\"169\"><\/strong>Wasser.<\/p>\n<p>Bis auf eine ziemlich gro\u00dfe Flachwasserzone gab die Bodenstruktur der Kiesgrube aber leider nicht viel her, was bei den meisten Gew\u00e4sser meiner Umgebung so ist. Nachdem Ich mit der Location fertig war verteilte ich noch ein bisschen Futter im Flachwasserbereich und verabschiedete mich von diesem Gew\u00e4sser.<\/p>\n<p><strong><img loading=\"lazy\" decoding=\"async\" class=\"alignleft\" src=\"https:\/\/power-fishing.shop\/wp-content\/uploads\/2020\/05\/20200321_210336-293x300.jpg\" alt=\"\" width=\"293\" height=\"300\"><\/strong><\/p>\n<p>Mittlerweile war es dann auch schon M\u00e4rz und nach mehreren Anl\u00e4ufen an denen mir das Wetter einen Strich durch die Rechnung gemacht hat, war es dann endlich soweit die Zeit f\u00fcr den ersten Kurzansitz war gekommen.<\/p>\n<p>Da Ich \u00fcber den Karpfenbestand nicht viel wusste setzte Ich mich, ohne viel Hoffnung, an den einzigen Platz von wo Ich die Flachwasserzone anwerfen konnte. Als K\u00f6der w\u00e4hlte Ich f\u00fcr die erste Rute einen Snowman bestehend aus einem 17mm Phase 4 Sinker und einem pinken Fluo Pop Up. An der zweiten Rute sollte mir ein Chod mit einem kleinen Pop Up Gl\u00fcck bringen. Als Futter verwendete Ich eine Mischung aus Mikropellets, Haferflocken und up&amp;down Groundbait welchen ich mit dem \u201eda bait\u201c Liquid aktivierte. Dazu f\u00fctterte Ich ein paar Phase 4 Boilies, die Ich teilweise halbierte oder zerbrach.<\/p>\n<p><strong><img loading=\"lazy\" decoding=\"async\" class=\"alignright\" src=\"https:\/\/power-fishing.shop\/wp-content\/uploads\/2020\/05\/received_2915817785311232-200x300.jpg\" alt=\"\" width=\"200\" height=\"300\"><\/strong><\/p>\n<p>Was soll ich sagen in den 2,5 Stunden die ich am Wasser verbrachte konnte ich 4 Bisse verbuchen. Davon 3 auf den Snowman von denen ich 2 kleine Karpfen landen konnte und den 3ten, leider auch den gr\u00f6\u00dften Fisch des Tages, im Schilf verlor. An der Rute mit dem Chod bekam ich nur einen Fehlbis.<\/p>\n<p>Ich war durchaus zufrieden mit diesem Ergebnis und wollte baldm\u00f6glichst wieder an den Platz zur\u00fcckkommen.<\/p>\n<p>2 Wochen Sp\u00e4ter war Ich wieder da, dieses Mal hatte Ich zu den Phase 4 Boilies noch die Monkey Punch dabei. So bek\u00f6derte Ich eine Rute wieder mit einem Snowman aus Phase 4 und einen 10mm Pop Up und an der anderen Rute setzte Ich auf eine 17mm Monkey Punch Hoover. Mein Futter bestand dieses Mal aus einer Mischung von Partikeln, up&amp;down Groundbait und ein paar Phase 4 sowie Monkey Punch Boilies. Das Futter formte ich zu B\u00e4llen damit Ich es mit dem Bait Spoon sauber auf den Platz werfen konnte.<\/p>\n<p><strong><img loading=\"lazy\" decoding=\"async\" class=\"alignleft\" src=\"https:\/\/power-fishing.shop\/wp-content\/uploads\/2020\/05\/20200321_210506-300x272.jpg\" alt=\"\" width=\"300\" height=\"272\"><\/strong><\/p>\n<p>Auch dieses Mal lie\u00dfen unsere geschuppten Freunde nicht lange auf sich warten und so konnte Ich in kurzer Zeit ein paar Karpfen zum Landgang \u00fcberreden. Der Gro\u00dfe der mir das letzte Mal entkommen war&nbsp; gab mir dieses Mal keine Chance meine Scharte auszuwetzen, aber Ich war Ja sicher nicht das letzte Mal da. Somit ist f\u00fcr mich das Jahr 2020 positiv gestartet, obwohl Ich nicht viel \u00fcber das neue Gew\u00e4sser wusste konnte Ich mit Hilfe meiner Location und der qualitativ hochwertigen Produkte der Firma power-fishing schnell die ersten Karpfen fangen. Ich bin gespannt welche Geheimnisse diese Kiesgrube f\u00fcr mich noch bereith\u00e4lt.<\/p>\n<p><strong><img loading=\"lazy\" decoding=\"async\" class=\"alignright\" src=\"https:\/\/power-fishing.shop\/wp-content\/uploads\/2020\/05\/20200321_210224-300x293.jpg\" alt=\"\" width=\"300\" height=\"293\"><\/strong><\/p>\n<p>&nbsp;<\/p>\n<p>&nbsp;<\/p>\n<p>&nbsp;<\/p>\n<p>&nbsp;<\/p>\n<p>Tight Lines und Viel Spa\u00df am Wasser!<\/p>\n<p>Beste Gr\u00fc\u00dfe<\/p>\n<p>Scharni<\/p>\n","protected":false},"excerpt":{"rendered":"<p>&nbsp;Neue Ziele Das Jahr 2020 hat begonnen und man beginnt damit sich Gedanken zu machen was will man in diesem Jahr erreichen? Welche Ziele setzt man sich und was will man ver\u00e4ndern? Da Ich mich die letzten Jahre fast immer an den gleichen Gew\u00e4ssern aufgehalten &nbsp;habe, war das ein Punkt der sich dieses Jahr \u00e4ndern [&hellip;]<\/p>\n","protected":false},"author":1,"featured_media":511339,"parent":161,"menu_order":0,"comment_status":"closed","ping_status":"closed","template":"","meta":{"footnotes":""},"class_list":["post-511335","page","type-page","status-publish","has-post-thumbnail","hentry"],"_links":{"self":[{"href":"https:\/\/power-fishing.shop\/index.php?rest_route=\/wp\/v2\/pages\/511335","targetHints":{"allow":["GET"]}}],"collection":[{"href":"https:\/\/power-fishing.shop\/index.php?rest_route=\/wp\/v2\/pages"}],"about":[{"href":"https:\/\/power-fishing.shop\/index.php?rest_route=\/wp\/v2\/types\/page"}],"author":[{"embeddable":true,"href":"https:\/\/power-fishing.shop\/index.php?rest_route=\/wp\/v2\/users\/1"}],"replies":[{"embeddable":true,"href":"https:\/\/power-fishing.shop\/index.php?rest_route=%2Fwp%2Fv2%2Fcomments&post=511335"}],"version-history":[{"count":7,"href":"https:\/\/power-fishing.shop\/index.php?rest_route=\/wp\/v2\/pages\/511335\/revisions"}],"predecessor-version":[{"id":511354,"href":"https:\/\/power-fishing.shop\/index.php?rest_route=\/wp\/v2\/pages\/511335\/revisions\/511354"}],"up":[{"embeddable":true,"href":"https:\/\/power-fishing.shop\/index.php?rest_route=\/wp\/v2\/pages\/161"}],"wp:featuredmedia":[{"embeddable":true,"href":"https:\/\/power-fishing.shop\/index.php?rest_route=\/wp\/v2\/media\/511339"}],"wp:attachment":[{"href":"https:\/\/power-fishing.shop\/index.php?rest_route=%2Fwp%2Fv2%2Fmedia&parent=511335"}],"curies":[{"name":"wp","href":"https:\/\/api.w.org\/{rel}","templated":true}]}}