{"id":157,"date":"2018-02-10T17:05:36","date_gmt":"2018-02-10T17:05:36","guid":{"rendered":"http:\/\/power-fishing.shop\/?page_id=157"},"modified":"2018-02-12T20:45:52","modified_gmt":"2018-02-12T20:45:52","slug":"team","status":"publish","type":"page","link":"https:\/\/power-fishing.shop\/?page_id=157","title":{"rendered":"Team"},"content":{"rendered":"<h3 class=\"post_title\">Das Team<\/h3>\n<p>Hinter dem Team stehen einige sehr gute und erfahre Karpfenangler. Diese bringen sich aktiv in die Entwicklung und Verbesserung unserer Produkte ein. Sei es mit Ideen zu neuen Produkten, oder auch dem Testen und Verbessern unserer bereits erfolgreich eingef\u00fchrten Produkte.<\/p>\n<div>\n<p>Sinn und Ziel des Teams ist es nicht, m\u00f6glichst viele und gro\u00dfe Fische zu fangen und zu fotografieren, um anhand von Fotos zu beweisen wie erfolgreich die K\u00f6der wohl sein m\u00fcssen. Es geht darum, Spa\u00df zu haben und die Zeit am Wasser mit guten K\u00f6dern erfolgreich zu gestalten, sowie die Produkte unter den unterschiedlichsten Einfl\u00fcssen und Umst\u00e4nden an den verschiedensten Gew\u00e4ssern zu testen und Ihre Erfahrungen in die Verbesserung und Weiterentwicklung einflie\u00dfen zu lassen.<\/p>\n<\/div>\n<div>\n<p>F\u00fcr mich entscheidend einen Angler ins Team aufzunehmen sind vor allem der pers\u00f6nliche Kontakt und das Vertrauen zu ihm, nicht Mengen an Fotos mit gro\u00dfen Fischen.<\/p>\n<\/div>\n<div align=\"justify\">\n<p>Die Gr\u00fcnde f\u00fcr viele im Team mitzuarbeiten sind ganz unterschiedlich:<\/p>\n<\/div>\n","protected":false},"excerpt":{"rendered":"<p>Das Team Hinter dem Team stehen einige sehr gute und erfahre Karpfenangler. Diese bringen sich aktiv in die Entwicklung und Verbesserung unserer Produkte ein. Sei es mit Ideen zu neuen Produkten, oder auch dem Testen und Verbessern unserer bereits erfolgreich eingef\u00fchrten Produkte. Sinn und Ziel des Teams ist es nicht, m\u00f6glichst viele und gro\u00dfe Fische [&hellip;]<\/p>\n","protected":false},"author":1,"featured_media":0,"parent":0,"menu_order":0,"comment_status":"closed","ping_status":"closed","template":"","meta":{"footnotes":""},"class_list":["post-157","page","type-page","status-publish","hentry"],"_links":{"self":[{"href":"https:\/\/power-fishing.shop\/index.php?rest_route=\/wp\/v2\/pages\/157","targetHints":{"allow":["GET"]}}],"collection":[{"href":"https:\/\/power-fishing.shop\/index.php?rest_route=\/wp\/v2\/pages"}],"about":[{"href":"https:\/\/power-fishing.shop\/index.php?rest_route=\/wp\/v2\/types\/page"}],"author":[{"embeddable":true,"href":"https:\/\/power-fishing.shop\/index.php?rest_route=\/wp\/v2\/users\/1"}],"replies":[{"embeddable":true,"href":"https:\/\/power-fishing.shop\/index.php?rest_route=%2Fwp%2Fv2%2Fcomments&post=157"}],"version-history":[{"count":2,"href":"https:\/\/power-fishing.shop\/index.php?rest_route=\/wp\/v2\/pages\/157\/revisions"}],"predecessor-version":[{"id":256,"href":"https:\/\/power-fishing.shop\/index.php?rest_route=\/wp\/v2\/pages\/157\/revisions\/256"}],"wp:attachment":[{"href":"https:\/\/power-fishing.shop\/index.php?rest_route=%2Fwp%2Fv2%2Fmedia&parent=157"}],"curies":[{"name":"wp","href":"https:\/\/api.w.org\/{rel}","templated":true}]}}