{"id":15,"date":"2018-02-06T11:04:34","date_gmt":"2018-02-06T11:04:34","guid":{"rendered":"http:\/\/power-fishing.shop\/?page_id=15"},"modified":"2018-02-10T16:50:37","modified_gmt":"2018-02-10T16:50:37","slug":"versandarten","status":"publish","type":"page","link":"https:\/\/power-fishing.shop\/?page_id=15","title":{"rendered":"Versandarten"},"content":{"rendered":"<p>power-fishing verschickt standardm\u00e4\u00dfig per GLS. Sollten sie zuhause nicht angetroffen werden und sie haben keine Abstellregelung mit GLS k\u00f6nnen sie Ihr Paket in der Regel noch am selben Abend \/ n\u00e4chsten Tag in Ihrem \u00d6rtlichen GLS-Shop abholen.<\/p>\n<p>Ihren n\u00e4chsten GLS \u2013 Shop finden sie unter <a href=\"https:\/\/gls-group.eu\/DE\/de\/depot-paketshop-suche\">\u201eMein GLS-Shop\u201c<\/a><\/p>\n","protected":false},"excerpt":{"rendered":"<p>power-fishing verschickt standardm\u00e4\u00dfig per GLS. Sollten sie zuhause nicht angetroffen werden und sie haben keine Abstellregelung mit GLS k\u00f6nnen sie Ihr Paket in der Regel noch am selben Abend \/ n\u00e4chsten Tag in Ihrem \u00d6rtlichen GLS-Shop abholen. Ihren n\u00e4chsten GLS \u2013 Shop finden sie unter \u201eMein GLS-Shop\u201c<\/p>\n","protected":false},"author":1,"featured_media":0,"parent":0,"menu_order":0,"comment_status":"closed","ping_status":"closed","template":"","meta":{"footnotes":""},"class_list":["post-15","page","type-page","status-publish","hentry"],"_links":{"self":[{"href":"https:\/\/power-fishing.shop\/index.php?rest_route=\/wp\/v2\/pages\/15","targetHints":{"allow":["GET"]}}],"collection":[{"href":"https:\/\/power-fishing.shop\/index.php?rest_route=\/wp\/v2\/pages"}],"about":[{"href":"https:\/\/power-fishing.shop\/index.php?rest_route=\/wp\/v2\/types\/page"}],"author":[{"embeddable":true,"href":"https:\/\/power-fishing.shop\/index.php?rest_route=\/wp\/v2\/users\/1"}],"replies":[{"embeddable":true,"href":"https:\/\/power-fishing.shop\/index.php?rest_route=%2Fwp%2Fv2%2Fcomments&post=15"}],"version-history":[{"count":1,"href":"https:\/\/power-fishing.shop\/index.php?rest_route=\/wp\/v2\/pages\/15\/revisions"}],"predecessor-version":[{"id":152,"href":"https:\/\/power-fishing.shop\/index.php?rest_route=\/wp\/v2\/pages\/15\/revisions\/152"}],"wp:attachment":[{"href":"https:\/\/power-fishing.shop\/index.php?rest_route=%2Fwp%2Fv2%2Fmedia&parent=15"}],"curies":[{"name":"wp","href":"https:\/\/api.w.org\/{rel}","templated":true}]}}