{"id":1320,"date":"2019-05-24T07:28:41","date_gmt":"2019-05-24T07:28:41","guid":{"rendered":"https:\/\/power-fishing.shop\/?page_id=1320"},"modified":"2019-05-24T07:28:41","modified_gmt":"2019-05-24T07:28:41","slug":"zwischen-wasser-und-weinbergen","status":"publish","type":"page","link":"https:\/\/power-fishing.shop\/?page_id=1320","title":{"rendered":"Zwischen Wasser und Weinbergen"},"content":{"rendered":"<p>&nbsp;<\/p>\n<p>Letzte Woche starteten meine Freundin Tanja und ich unseren ersten gemeinsamen Angeltrip ins Ausland.<\/p>\n<p>Die Wahl fiel auf einen kleinen See in Frankreich.<\/p>\n<p>Als wir Freitagnachmittag bei Freunden das letzte Tackle verladen haben, wussten wir noch gar nicht, was uns dort alles erwartet. Nach einer 10 st\u00fcndigen Fahrt sahen wir Samstagvormittag zum ersten Mal das Gew\u00e4sser.<\/p>\n<p>Erstmal hie\u00df es Boot aufbauen, das Gew\u00e4sser kennenlernen und nach Spots absuchen.&nbsp; Was wir w\u00e4hrend der Woche immer wieder gemacht haben um uns aktiv den Fischen anzupassen.<\/p>\n<p>Das anfangs nass kalte Wetter brachte uns hier nur wenige Bisse, doch je sch\u00f6ner das Wetter wurde, desto besser wurden auch die F\u00e4nge. Bei der K\u00f6derwahl kamen wie immer die Baits von Power-Fishing zum Einsatz.<\/p>\n<p>F\u00fcr diesen Trip w\u00e4hlten wir die Sorten Phase 4 und Monkey Punch, oft auch kombiniert mit den passenden PopUp oder Hoovern. Besonders der neue Phase 4 active PopUp kam einzeln oder als Snowman viel zum Einsatz. \u00dcberraschend f\u00fcr uns war, wie schnell die Fische unsere Futterpl\u00e4tze annahmen und Fisch um Fisch brachten.<\/p>\n<p>Man merkte schnell, dass die Baits von power-fishing auch hier in Frankreich zu wundersch\u00f6nen F\u00e4ngen f\u00fchren und den K\u00f6dern unserer Freunde weit \u00fcberlegen waren.<\/p>\n<p>Zusammenfassend gesagt war es ein wirklich interessanter Trip mit neuen Erfahrungen.<\/p>\n<p>Liebe Gr\u00fc\u00dfe Philipp und Tanja<\/p>\n<p>&nbsp;<\/p>\n<p>[ngg src=&#8220;galleries&#8220; ids=&#8220;2&#8243; display=&#8220;basic_thumbnail&#8220;]<\/p>\n","protected":false},"excerpt":{"rendered":"<p>&nbsp; Letzte Woche starteten meine Freundin Tanja und ich unseren ersten gemeinsamen Angeltrip ins Ausland. Die Wahl fiel auf einen kleinen See in Frankreich. Als wir Freitagnachmittag bei Freunden das letzte Tackle verladen haben, wussten wir noch gar nicht, was uns dort alles erwartet. Nach einer 10 st\u00fcndigen Fahrt sahen wir Samstagvormittag zum ersten Mal [&hellip;]<\/p>\n","protected":false},"author":1,"featured_media":1321,"parent":161,"menu_order":0,"comment_status":"closed","ping_status":"closed","template":"","meta":{"footnotes":""},"class_list":["post-1320","page","type-page","status-publish","has-post-thumbnail","hentry"],"_links":{"self":[{"href":"https:\/\/power-fishing.shop\/index.php?rest_route=\/wp\/v2\/pages\/1320","targetHints":{"allow":["GET"]}}],"collection":[{"href":"https:\/\/power-fishing.shop\/index.php?rest_route=\/wp\/v2\/pages"}],"about":[{"href":"https:\/\/power-fishing.shop\/index.php?rest_route=\/wp\/v2\/types\/page"}],"author":[{"embeddable":true,"href":"https:\/\/power-fishing.shop\/index.php?rest_route=\/wp\/v2\/users\/1"}],"replies":[{"embeddable":true,"href":"https:\/\/power-fishing.shop\/index.php?rest_route=%2Fwp%2Fv2%2Fcomments&post=1320"}],"version-history":[{"count":3,"href":"https:\/\/power-fishing.shop\/index.php?rest_route=\/wp\/v2\/pages\/1320\/revisions"}],"predecessor-version":[{"id":1340,"href":"https:\/\/power-fishing.shop\/index.php?rest_route=\/wp\/v2\/pages\/1320\/revisions\/1340"}],"up":[{"embeddable":true,"href":"https:\/\/power-fishing.shop\/index.php?rest_route=\/wp\/v2\/pages\/161"}],"wp:featuredmedia":[{"embeddable":true,"href":"https:\/\/power-fishing.shop\/index.php?rest_route=\/wp\/v2\/media\/1321"}],"wp:attachment":[{"href":"https:\/\/power-fishing.shop\/index.php?rest_route=%2Fwp%2Fv2%2Fmedia&parent=1320"}],"curies":[{"name":"wp","href":"https:\/\/api.w.org\/{rel}","templated":true}]}}