{"id":1269,"date":"2019-05-12T13:35:15","date_gmt":"2019-05-12T13:35:15","guid":{"rendered":"https:\/\/power-fishing.shop\/?page_id=1269"},"modified":"2019-05-12T14:00:04","modified_gmt":"2019-05-12T14:00:04","slug":"mein-herbst-wahnsinn","status":"publish","type":"page","link":"https:\/\/power-fishing.shop\/?page_id=1269","title":{"rendered":"Mein Herbst-&#8222;Wahnsinn&#8220;"},"content":{"rendered":"\r\n<p>&nbsp;<\/p>\r\n<p>&nbsp;<\/p>\r\n<p>Letztes Jahr im September ging es f\u00fcr einen Angelkollegen und mich f\u00fcr 1 Woche nach \u00d6sterreich zum Karpfenfischen an einen 18 Ha gro\u00dfen Baggersee. Hier hatten wir uns schon vorher feste Angelpl\u00e4tze an diesem See gebucht. Da noch einige Zeit bis zu dem besagten Termin war, machte ich mir nat\u00fcrlich viele Gedanken f\u00fcr diesen Angelurlaub. Tackle?! Autofahrt?! Essen?! Dusche?! Wc?! Gew\u00e4sser?! Spot?! Futter?! usw. das sind einige Dinge zum planen, nat\u00fcrlich kann man einfach drauf los fahren ins Ungewisse, aber das ist nichts f\u00fcr mich ich brauch da alles sch\u00f6n durchgeplant. Gesagt getan \u2013 Tackle war einsatzbereit, Gew\u00e4sser und m\u00f6gliche Spots wurden \u00fcber Google Earth angeschaut, im Internet Erfahrungsberichte zu dem See durchgelesen und Futter bei Power &#8211; Fishing bestellt. Bei dem Futter das ich f\u00fcttere und fische mach ich immer dasselbe \u2013 1 Boiliesorte stinkig, 1 Boiliesorte fruchtig und Partikel. Hier viel mir meine Wahl relativ leicht, ich hab mir einige Kilos Phase4 und King Julian in 21mm und 17mm vom Markus von power\u2013fishing drehen lassen. Bei den Partikeln hab ich mir einen Mix aus Tigern\u00fcssen und Hanf zusammengekocht.<\/p>\r\n<p><br>Angekommen am See wurde dieser erst mal \u00fcberblickt, sofort viel mir ein super Spot zum Angeln ins Auge, mit \u00fcberh\u00e4ngenden B\u00fcschen und einer tollen Sandbank darunter. Diesen vermeintlich guten Platz hab ich aber durch fairen M\u00fcnzwurf an meinen Angelkollegen abdr\u00fccken m\u00fcssen. Nichts zu trotz musste ich das Beste aus dieser Situation machen und suchte mit Boot und Echolot das Freiwasser ab. Hier wurde ich 2x neben einem Unterwasserkrautfeld f\u00fcndig. Diese Spots wurden gleich mit der Stab &#8211; Boje markiert und ich hab diese mit ein wenig halbierten Boilies unter Futter gesetzt. Danach wurde erst mal das Camp aufgebaut und gegessen, somit konnte der Angelurlaub so richtig gut starten.<\/p>\r\n<p><br>Nachdem die K\u00f6der mit dem Boot ausgelegt wurden dauerte es nicht lange, der erste Graskarpfen mit 10 Kg wurde \u00fcber den Kescher Rand gezogen. Das ging ja schon mal gut los, damit hie\u00df es f\u00fcr mich ich muss mehr Futter nachlegen \u2013 gesagt getan, jetzt wurden schon ganze Boilies mit Partikel gef\u00fcttert. Die erste Nacht brach an und das Futter schlug voll ein, in dieser Nacht ging mir ein Graskarpfen von 16,5 Kg und 1 Karpfen mit 19,5 Kg ins Netz. Das bedeutete f\u00fcr mich &#8211; noch mehr F\u00fcttern. Am Morgen realisierte ich erst mal was das f\u00fcr ein Hammer Start war, ich war richtig hei\u00df drauf noch mehr zu fangen. Wie es beim Angeln so ist ging den ganzen Tag und die Nacht nichts und den Tag drauf auch nichts. Hab ich jetzt zu viel oder zu wenig gef\u00fcttert? \u2013 Aber da die restlichen Angler am See seitdem wir angekommen waren noch nichts gefangen haben, lies ich meine Gedanken so stehen. Die 3te Nacht brach an und ich hatte eigentlich ein schlechtes Gef\u00fchl, aber der schein tr\u00fcbte, es fing mit einem Karpfen mit 14,5 Kg an. Beim n\u00e4chsten Karpfen als ich ihn das erste Mal gesehen hab, dachte ich mir schon: \u201eDas k\u00f6nnte mein neuer PB sein\u201c umso erleichterter war ich als er im Kescher war. Sofort hab ich die Waage mit der nassen Wiegeschlinge genullt und wir hingen den Karpfen hinein, als der Zeiger stoppte dachte ich mir: \u201e Puhhh, das war aber verdammt knapp da die Waage nur bis 27 Kg geht\u201c \u2013 gut das der Zeiger bei 26,8 Kg stoppte. Neuer PB!! Daraufhin bekam ich den Spitznamen \u201eder Ger\u00e4t\u201c vom Markus.<\/p>\r\n<p>Ab hier bedeutete es f\u00fcr mich &#8211; ich mach alles richtig, f\u00fctterte gleich noch einige Kilos Phase4 und King Julian nach. Der Tag verlief wieder ruhig wie eigentlich die ganze Woche aber die N\u00e4chte hatten es in sich. Die 4te Nacht brachte wieder einen Wahnsinns Karpfen von 21,5 Kg auf meine Haben Seite und dies sollte nicht der Letzte bleiben. Der Delkim schrie mal wieder und riss mich aus dem Schlaf, diesmal hatte sich der Karpfen aber schon im Kraut festgesetzt und ich musste mit dem Boot hinausfahren. Zur\u00fcck an Land mit dem Fisch, war das Erstaunen gro\u00df als er auf der Abhakmatte lag, da er gesch\u00e4tzt ca. so schwer wie der mit 26,8 Kg war.&nbsp; Schon mal erlebt wie bl\u00f6d man schaut, wenn die 27 Kg Waage nicht mehr reicht, da der Zeiger am Maximum ist? &#8211; Genau das ist mir bei diesem Karpfen passiert! Gott sei Dank hatte mein Angelkollege noch eine digitale Waage bis 50 Kg dabei, f\u00fcr diese mussten wir aber erst mal mitten in der Nacht Batterien und einen Schraubenzieher auftreiben \u2013 wir Angler wissen uns zu helfen darum haben wir das Problem schnell gel\u00f6st bekommen. Dem Karpfen ging es soweit gut und wir haben ihn nochmals gewogen. Diesmal blieb die Waage bei 27,5 Kg stehen! Wieder ein neuer PB f\u00fcr mich!! Das Futter f\u00fcr die Fische wurde wieder erh\u00f6ht um die Karpfen bei Laune zu halten! Am n\u00e4chsten Morgen wurde mir erst klar was hier gerade abl\u00e4uft \u2013 ich erlebe die sogenannten Angler Sternstunden! Bei einer Tasse Kaffee am Morgen bemerkte ich, dass \u00fcber die H\u00e4lfte vom Futter schon weg war, naja notfalls m\u00fcsste ich halt Zuckermais kaufen, aber es waren ja noch einige Kilos an Boilies und Partikeln in den Eimern. Nacht 5 brachte leider keinen Fisch. <br><br>Inzwischen zogen die Angler neben mir ihre Montagen so nah zu mir, wie es nur irgendwie m\u00f6glich und erlaubt ist, geholfen hat es ihnen aber nicht wirklich.<\/p>\r\n<p>Die 6te Nacht brach an und ich hatte da schon eine Vorahnung das was Besonderes passieren w\u00fcrde, da bei mir einfach alles passte! &#8211; auch wenn am restlichen See fast nichts gefangen wurde. Der n\u00e4chste Karpfen f\u00fchlte sich an wie ein kleiner, nur das der Drill irgendwie ewig dauerte. Als der Karpfen im Kescher war, f\u00fcllte er diesen fast komplett aus, also zumindest von der K\u00f6rperl\u00e4nge war er gigantisch. Als der Karpfen auf der Abhakmatte lag schaute er gar nicht so schwer aus, da er gut lang war. Wir haben die Wiegeschlinge in die Waage eingeh\u00e4ngt, naja was soll ich sagen das bl\u00f6de schauen stand mir wieder im Gesicht und das noch mehr als zuvor, da der Zeiger der Waage diesmal Daueranschlag bei 27 Kg hatte, sogar wenn der Karpfen zappelte. Beim Angelkollegen schnell die andere Waage geholt, und erneut gewogen. Diesmal blieb die Waage bei unglaublichen 33,3 Kg zu stehen. Yeah, wieder neuer PB!!! Nach diesem Fang wurden die K\u00f6der erst mal rausgezogen und es wurde eine Flasche Cuba gek\u00f6pft. Am n\u00e4chsten Morgen wurden die K\u00f6der wieder ausgelegt und die restlichen Phase4 und King Julian wurden gef\u00fcttert, sodass nur noch jeweils 1 Kg \u00fcbrig war. Die n\u00e4chsten 2 N\u00e4chte brachten noch Karpfen mit 10 Kg, 14 Kg, 16,5 Kg. Die Heimfahrt startete ich ohne K\u00f6der, da diese alle sinnvoll verwertet wurden. So eine Angelwoche werde ich kaum nochmal erleben, aber eines weis ich nach dieser Woche: \u201eGute K\u00f6der, Gl\u00fcck, etwas k\u00f6nnen und eigenes Vertrauen, das man alles richtig macht ist der Erfolg zum Ziel.\u201c <br>&nbsp; <br>Petri euer Stefan<\/p>\r\n[ngg src=&#8220;galleries&#8220; ids=&#8220;1&#8243; display=&#8220;basic_thumbnail&#8220;]\r\n\r\n\r\n\r\n\r\n","protected":false},"excerpt":{"rendered":"<p>&nbsp; &nbsp; Letztes Jahr im September ging es f\u00fcr einen Angelkollegen und mich f\u00fcr 1 Woche nach \u00d6sterreich zum Karpfenfischen an einen 18 Ha gro\u00dfen Baggersee. Hier hatten wir uns schon vorher feste Angelpl\u00e4tze an diesem See gebucht. Da noch einige Zeit bis zu dem besagten Termin war, machte ich mir nat\u00fcrlich viele Gedanken f\u00fcr [&hellip;]<\/p>\n","protected":false},"author":1,"featured_media":1258,"parent":0,"menu_order":0,"comment_status":"closed","ping_status":"closed","template":"","meta":{"footnotes":""},"class_list":["post-1269","page","type-page","status-publish","has-post-thumbnail","hentry"],"_links":{"self":[{"href":"https:\/\/power-fishing.shop\/index.php?rest_route=\/wp\/v2\/pages\/1269","targetHints":{"allow":["GET"]}}],"collection":[{"href":"https:\/\/power-fishing.shop\/index.php?rest_route=\/wp\/v2\/pages"}],"about":[{"href":"https:\/\/power-fishing.shop\/index.php?rest_route=\/wp\/v2\/types\/page"}],"author":[{"embeddable":true,"href":"https:\/\/power-fishing.shop\/index.php?rest_route=\/wp\/v2\/users\/1"}],"replies":[{"embeddable":true,"href":"https:\/\/power-fishing.shop\/index.php?rest_route=%2Fwp%2Fv2%2Fcomments&post=1269"}],"version-history":[{"count":11,"href":"https:\/\/power-fishing.shop\/index.php?rest_route=\/wp\/v2\/pages\/1269\/revisions"}],"predecessor-version":[{"id":1305,"href":"https:\/\/power-fishing.shop\/index.php?rest_route=\/wp\/v2\/pages\/1269\/revisions\/1305"}],"wp:featuredmedia":[{"embeddable":true,"href":"https:\/\/power-fishing.shop\/index.php?rest_route=\/wp\/v2\/media\/1258"}],"wp:attachment":[{"href":"https:\/\/power-fishing.shop\/index.php?rest_route=%2Fwp%2Fv2%2Fmedia&parent=1269"}],"curies":[{"name":"wp","href":"https:\/\/api.w.org\/{rel}","templated":true}]}}